{"id":2469,"date":"2019-01-30T11:55:46","date_gmt":"2019-01-30T10:55:46","guid":{"rendered":"https:\/\/moselpension.de\/active\/motorbike\/"},"modified":"2025-11-16T10:55:17","modified_gmt":"2025-11-16T09:55:17","slug":"motorbike","status":"publish","type":"page","link":"https:\/\/moselpension.de\/en\/active\/motorbike\/","title":{"rendered":"Motorbike"},"content":{"rendered":"\t\t<div data-elementor-type=\"wp-post\" data-elementor-id=\"2469\" class=\"elementor elementor-2469 elementor-908\" data-elementor-post-type=\"page\">\n\t\t\t\t\t\t<section class=\"elementor-section elementor-top-section elementor-element elementor-element-b165749 elementor-section-boxed elementor-section-height-default elementor-section-height-default\" data-id=\"b165749\" data-element_type=\"section\" data-e-type=\"section\">\n\t\t\t\t\t\t<div class=\"elementor-container elementor-column-gap-default\">\n\t\t\t\t\t<div class=\"elementor-column elementor-col-100 elementor-top-column elementor-element elementor-element-e53b112\" data-id=\"e53b112\" data-element_type=\"column\" data-e-type=\"column\">\n\t\t\t<div class=\"elementor-widget-wrap elementor-element-populated\">\n\t\t\t\t\t\t<div class=\"elementor-element elementor-element-b9ca75d elementor-widget elementor-widget-text-editor\" data-id=\"b9ca75d\" data-element_type=\"widget\" data-e-type=\"widget\" data-widget_type=\"text-editor.default\">\n\t\t\t\t<div class=\"elementor-widget-container\">\n\t\t\t\t\t\t\t\t\t<h1>Motorcycle and the Moselle &#8211; a wonderful combination<\/h1>\n<p>The motorcycle tours right and left of the Mosel are the motorcycle highlights par excellence. Cruise comfortably along the Mosel, then enjoy the Eifel and Hunsr\u00fcck with an almost alpine feeling. Otherwise there is no better change in the whole of Germany. To the left of the Mosel, i.e. in the Eifel, it went quite violently before a geological very short time, approx. 10,000 years. Through huge volcanic eruptions, nature formed a unique landscape that invites us today to ride a motorbike.<\/p>\n\t\t\t\t\t\t\t\t<\/div>\n\t\t\t\t<\/div>\n\t\t\t\t\t<\/div>\n\t\t<\/div>\n\t\t\t\t\t<\/div>\n\t\t<\/section>\n\t\t\t\t<section class=\"elementor-section elementor-top-section elementor-element elementor-element-7f9ffc8 elementor-section-boxed elementor-section-height-default elementor-section-height-default\" data-id=\"7f9ffc8\" data-element_type=\"section\" data-e-type=\"section\">\n\t\t\t\t\t\t<div class=\"elementor-container elementor-column-gap-default\">\n\t\t\t\t\t<div class=\"elementor-column elementor-col-50 elementor-top-column elementor-element elementor-element-3f930c2\" data-id=\"3f930c2\" data-element_type=\"column\" data-e-type=\"column\">\n\t\t\t<div class=\"elementor-widget-wrap elementor-element-populated\">\n\t\t\t\t\t\t<div class=\"elementor-element elementor-element-3565c9f elementor-widget elementor-widget-text-editor\" data-id=\"3565c9f\" data-element_type=\"widget\" data-e-type=\"widget\" data-widget_type=\"text-editor.default\">\n\t\t\t\t<div class=\"elementor-widget-container\">\n\t\t\t\t\t\t\t\t\t<h4>Explore the Hunsr\u00fcck by motorbike<\/h4>\n<p>If you have already explored the Eifel, there is still the Hunsr\u00fcck, which offers at least as much for passionate motorcyclists.<\/p>\n\t\t\t\t\t\t\t\t<\/div>\n\t\t\t\t<\/div>\n\t\t\t\t<div class=\"elementor-element elementor-element-7d21c2f elementor-widget elementor-widget-text-editor\" data-id=\"7d21c2f\" data-element_type=\"widget\" data-e-type=\"widget\" data-widget_type=\"text-editor.default\">\n\t\t\t\t<div class=\"elementor-widget-container\">\n\t\t\t\t\t\t\t\t\t<h4>Tours through the Eifel<\/h4>\n<p>Cochem borders on two low mountain ranges which enclose the narrow Moselle valley. One is the Eifel, which offers you numerous motorbike tours, and the other is the Hunsr\u00fcck, which is described below.<\/p>\n\t\t\t\t\t\t\t\t<\/div>\n\t\t\t\t<\/div>\n\t\t\t\t<div class=\"elementor-element elementor-element-2e1369a elementor-widget elementor-widget-text-editor\" data-id=\"2e1369a\" data-element_type=\"widget\" data-e-type=\"widget\" data-widget_type=\"text-editor.default\">\n\t\t\t\t<div class=\"elementor-widget-container\">\n\t\t\t\t\t\t\t\t\t<h4>Along the Moselle<\/h4>\n<p>Enjoy the great views along the Moselle: find out here what options there are for motorbike tours along the Moselle. Why not send us your tours so that we can recommend you to other guests!<\/p>\n\t\t\t\t\t\t\t\t<\/div>\n\t\t\t\t<\/div>\n\t\t\t\t\t<\/div>\n\t\t<\/div>\n\t\t\t\t<div class=\"elementor-column elementor-col-50 elementor-top-column elementor-element elementor-element-0713d64\" data-id=\"0713d64\" data-element_type=\"column\" data-e-type=\"column\">\n\t\t\t<div class=\"elementor-widget-wrap elementor-element-populated\">\n\t\t\t\t\t\t<div class=\"elementor-element elementor-element-4d5e419 elementor-widget elementor-widget-text-editor\" data-id=\"4d5e419\" data-element_type=\"widget\" data-e-type=\"widget\" data-widget_type=\"text-editor.default\">\n\t\t\t\t<div class=\"elementor-widget-container\">\n\t\t\t\t\t\t\t\t\t<p><strong><a href=\"http:\/\/www.nuerburgring.de\/fahren-erleben\/fahren\/touristenfahrten.html\" target=\"_blank\" rel=\"noopener\">N\u00fcrburgring<\/a><\/strong><\/p>\n<p><a href=\"http:\/\/www.nuerburgring.de\/fahren-erleben\/fahren\/touristenfahrten.html\" target=\"_blank\" rel=\"noopener\">The most famous race track in the world, the N\u00fcrburgring, is only 40 km away from Cochem. You can reach it via the &#8220;Panoramastra\u00dfe&#8221; (B259). The &#8220;Erlebniswelt N\u00fcrburgring&#8221; alone is worth a visit. But how about riding the legendary &#8220;Nordschleife&#8221; on your bike yourself? &#8211; A highlight for every motorsport fan!<\/a><\/p>\n<p><a style=\"background-color: #f2ead6; letter-spacing: 0.02em;\" href=\"http:\/\/www.ringtaxi.de\/\" target=\"_blank\" rel=\"noopener\"><span class=\"marker\" style=\"background-color: #f2ead6; letter-spacing: 0.02em;\">That&#8217;s only possible on the ring, here a dream comes true:<\/span><span style=\"background-color: #f2ead6; letter-spacing: 0.02em;\"> at racing speed across the N\u00fcrburgring, experience the legendary Nordschleife in an original racing car as a co-pilot of a race professional with ring experience up close. No other race track in the world offers this experience.<\/span><\/a><\/p>\n<p>For more information see <a href=\"http:\/\/www.ringtaxi.de\/\" target=\"_blank\" rel=\"noopener\">www.ringtaxi.de<\/a>.<\/p>\n<p>With a visit to the Ring you can ideally combine a round through the volcanic Eifel.<\/p>\n\t\t\t\t\t\t\t\t<\/div>\n\t\t\t\t<\/div>\n\t\t\t\t\t<\/div>\n\t\t<\/div>\n\t\t\t\t\t<\/div>\n\t\t<\/section>\n\t\t\t\t<section class=\"elementor-section elementor-top-section elementor-element elementor-element-19584a4 elementor-section-boxed elementor-section-height-default elementor-section-height-default\" data-id=\"19584a4\" data-element_type=\"section\" data-e-type=\"section\">\n\t\t\t\t\t\t<div class=\"elementor-container elementor-column-gap-default\">\n\t\t\t\t\t<div class=\"elementor-column elementor-col-33 elementor-top-column elementor-element elementor-element-46f1b7a\" data-id=\"46f1b7a\" data-element_type=\"column\" data-e-type=\"column\">\n\t\t\t<div class=\"elementor-widget-wrap elementor-element-populated\">\n\t\t\t\t\t\t<div class=\"elementor-element elementor-element-b86ec52 elementor-widget elementor-widget-image\" data-id=\"b86ec52\" data-element_type=\"widget\" data-e-type=\"widget\" data-widget_type=\"image.default\">\n\t\t\t\t<div class=\"elementor-widget-container\">\n\t\t\t\t\t\t\t\t\t\t\t\t\t\t\t<img decoding=\"async\" src=\"https:\/\/moselpension.de\/wp-content\/uploads\/elementor\/thumbs\/TF-PH-r9d2aev1ait6d64gpqdnvax8g7n4dd5oqrrkk2w7i8.jpg\" title=\"Touring driver partner house\" alt=\"Touring driver partner house\" loading=\"lazy\" \/>\t\t\t\t\t\t\t\t\t\t\t\t\t\t\t<\/div>\n\t\t\t\t<\/div>\n\t\t\t\t\t<\/div>\n\t\t<\/div>\n\t\t\t\t<div class=\"elementor-column elementor-col-33 elementor-top-column elementor-element elementor-element-7f58236\" data-id=\"7f58236\" data-element_type=\"column\" data-e-type=\"column\">\n\t\t\t<div class=\"elementor-widget-wrap elementor-element-populated\">\n\t\t\t\t\t\t<div class=\"elementor-element elementor-element-0266278 elementor-widget elementor-widget-image\" data-id=\"0266278\" data-element_type=\"widget\" data-e-type=\"widget\" data-widget_type=\"image.default\">\n\t\t\t\t<div class=\"elementor-widget-container\">\n\t\t\t\t\t\t\t\t\t\t\t\t\t\t\t<img decoding=\"async\" src=\"https:\/\/moselpension.de\/wp-content\/uploads\/elementor\/thumbs\/MFH_Wortbildmarke_ADAC_2020-886x886-1-r9d2cseckg29poo7u9cpo7c6i9xittl9ej4r89dds0.jpg\" title=\"MFH_Wortbildmarke_ADAC_2020 886&#215;886\" alt=\"MFH_Wortbildmarke_ADAC_2020 886x886\" loading=\"lazy\" \/>\t\t\t\t\t\t\t\t\t\t\t\t\t\t\t<\/div>\n\t\t\t\t<\/div>\n\t\t\t\t\t<\/div>\n\t\t<\/div>\n\t\t\t\t<div class=\"elementor-column elementor-col-33 elementor-top-column elementor-element elementor-element-4ed462c\" data-id=\"4ed462c\" data-element_type=\"column\" data-e-type=\"column\">\n\t\t\t<div class=\"elementor-widget-wrap elementor-element-populated\">\n\t\t\t\t\t\t<div class=\"elementor-element elementor-element-ec58a1b elementor-widget elementor-widget-image\" data-id=\"ec58a1b\" data-element_type=\"widget\" data-e-type=\"widget\" data-widget_type=\"image.default\">\n\t\t\t\t<div class=\"elementor-widget-container\">\n\t\t\t\t\t\t\t\t\t\t\t\t\t\t\t<img decoding=\"async\" src=\"https:\/\/moselpension.de\/wp-content\/uploads\/elementor\/thumbs\/MundR_Motorradhotel_Logo_L-r9d2cmrbffujs0wer6wy98rexypbjmyvdr7ucllqtc.jpg\" title=\"MundR_Motorradhotel_Logo_L\" alt=\"MundR_Motorradhotel_Logo_L\" loading=\"lazy\" \/>\t\t\t\t\t\t\t\t\t\t\t\t\t\t\t<\/div>\n\t\t\t\t<\/div>\n\t\t\t\t\t<\/div>\n\t\t<\/div>\n\t\t\t\t\t<\/div>\n\t\t<\/section>\n\t\t\t\t<section class=\"elementor-section elementor-top-section elementor-element elementor-element-e8431b5 elementor-section-boxed elementor-section-height-default elementor-section-height-default\" data-id=\"e8431b5\" data-element_type=\"section\" data-e-type=\"section\">\n\t\t\t\t\t\t<div class=\"elementor-container elementor-column-gap-default\">\n\t\t\t\t\t<div class=\"elementor-column elementor-col-50 elementor-top-column elementor-element elementor-element-4bff0be\" data-id=\"4bff0be\" data-element_type=\"column\" data-e-type=\"column\">\n\t\t\t<div class=\"elementor-widget-wrap\">\n\t\t\t\t\t\t\t<\/div>\n\t\t<\/div>\n\t\t\t\t<div class=\"elementor-column elementor-col-50 elementor-top-column elementor-element elementor-element-00b75f4\" data-id=\"00b75f4\" data-element_type=\"column\" data-e-type=\"column\">\n\t\t\t<div class=\"elementor-widget-wrap elementor-element-populated\">\n\t\t\t\t\t\t<div class=\"elementor-element elementor-element-afe5481 elementor-widget elementor-widget-image\" data-id=\"afe5481\" data-element_type=\"widget\" data-e-type=\"widget\" data-widget_type=\"image.default\">\n\t\t\t\t<div class=\"elementor-widget-container\">\n\t\t\t\t\t\t\t\t\t\t\t\t\t\t\t\t<a href=\"https:\/\/www.facebook.com\/VillaTummelchen\/about\" target=\"_blank\">\n\t\t\t\t\t\t\t<img decoding=\"async\" src=\"https:\/\/moselpension.de\/wp-content\/uploads\/elementor\/thumbs\/Facebook_Logo_Primary-res8hmrwf4d506plc3nkl8i5pkoscbvczni4godu9g.png\" title=\"Facebook_Logo_Primary\" alt=\"Facebook Logo\" loading=\"lazy\" \/>\t\t\t\t\t\t\t\t<\/a>\n\t\t\t\t\t\t\t\t\t\t\t\t\t\t\t<\/div>\n\t\t\t\t<\/div>\n\t\t\t\t\t<\/div>\n\t\t<\/div>\n\t\t\t\t\t<\/div>\n\t\t<\/section>\n\t\t\t\t<\/div>\n\t\t","protected":false},"excerpt":{"rendered":"<p>Motorcycle and the Moselle &#8211; a wonderful combination The motorcycle tours right and left of the Mosel are the motorcycle highlights par excellence. Cruise comfortably along the Mosel, then enjoy the Eifel and Hunsr\u00fcck with an almost alpine feeling. Otherwise there is no better change in the whole of Germany. To the left of the [&hellip;]<\/p>\n","protected":false},"author":2,"featured_media":0,"parent":2216,"menu_order":0,"comment_status":"closed","ping_status":"closed","template":"","meta":{"footnotes":""},"class_list":["post-2469","page","type-page","status-publish","hentry"],"aioseo_notices":[],"_links":{"self":[{"href":"https:\/\/moselpension.de\/en\/wp-json\/wp\/v2\/pages\/2469","targetHints":{"allow":["GET"]}}],"collection":[{"href":"https:\/\/moselpension.de\/en\/wp-json\/wp\/v2\/pages"}],"about":[{"href":"https:\/\/moselpension.de\/en\/wp-json\/wp\/v2\/types\/page"}],"author":[{"embeddable":true,"href":"https:\/\/moselpension.de\/en\/wp-json\/wp\/v2\/users\/2"}],"replies":[{"embeddable":true,"href":"https:\/\/moselpension.de\/en\/wp-json\/wp\/v2\/comments?post=2469"}],"version-history":[{"count":14,"href":"https:\/\/moselpension.de\/en\/wp-json\/wp\/v2\/pages\/2469\/revisions"}],"predecessor-version":[{"id":7050,"href":"https:\/\/moselpension.de\/en\/wp-json\/wp\/v2\/pages\/2469\/revisions\/7050"}],"up":[{"embeddable":true,"href":"https:\/\/moselpension.de\/en\/wp-json\/wp\/v2\/pages\/2216"}],"wp:attachment":[{"href":"https:\/\/moselpension.de\/en\/wp-json\/wp\/v2\/media?parent=2469"}],"curies":[{"name":"wp","href":"https:\/\/api.w.org\/{rel}","templated":true}]}}