{"id":2500,"date":"2019-01-30T14:11:11","date_gmt":"2019-01-30T13:11:11","guid":{"rendered":"https:\/\/moselpension.de\/our-house\/how-to-find-us\/"},"modified":"2025-11-16T10:56:44","modified_gmt":"2025-11-16T09:56:44","slug":"how-to-find-us","status":"publish","type":"page","link":"https:\/\/moselpension.de\/en\/how-to-find-us\/","title":{"rendered":"How to find us"},"content":{"rendered":"\t\t<div data-elementor-type=\"wp-post\" data-elementor-id=\"2500\" class=\"elementor elementor-2500 elementor-819\" data-elementor-post-type=\"page\">\n\t\t\t\t<div class=\"elementor-element elementor-element-ab5eebf e-flex e-con-boxed e-con e-parent\" data-id=\"ab5eebf\" data-element_type=\"container\" data-e-type=\"container\">\n\t\t\t\t\t<div class=\"e-con-inner\">\n\t\t<div class=\"elementor-element elementor-element-d66d65b e-grid e-con-boxed e-con e-child\" data-id=\"d66d65b\" data-element_type=\"container\" data-e-type=\"container\">\n\t\t\t\t\t<div class=\"e-con-inner\">\n\t\t\t\t<div class=\"elementor-element elementor-element-c31a8a0 elementor-widget elementor-widget-heading\" data-id=\"c31a8a0\" data-element_type=\"widget\" data-e-type=\"widget\" data-widget_type=\"heading.default\">\n\t\t\t\t<div class=\"elementor-widget-container\">\n\t\t\t\t\t<h1 class=\"elementor-heading-title elementor-size-default\">How to find us<\/h1>\t\t\t\t<\/div>\n\t\t\t\t<\/div>\n\t\t<div class=\"elementor-element elementor-element-1dc577a e-grid e-con-boxed e-con e-child\" data-id=\"1dc577a\" data-element_type=\"container\" data-e-type=\"container\">\n\t\t\t\t\t<div class=\"e-con-inner\">\n\t\t<div class=\"elementor-element elementor-element-efc05ff e-grid e-con-boxed e-con e-child\" data-id=\"efc05ff\" data-element_type=\"container\" data-e-type=\"container\">\n\t\t\t\t\t<div class=\"e-con-inner\">\n\t\t\t\t<div class=\"elementor-element elementor-element-1297207 elementor-widget elementor-widget-text-editor\" data-id=\"1297207\" data-element_type=\"widget\" data-e-type=\"widget\" id=\"Meldeschein-Anfahrtsbeschreibung\" data-widget_type=\"text-editor.default\">\n\t\t\t\t<div class=\"elementor-widget-container\">\n\t\t\t\t\t\t\t\t\t<h2>Registration form<\/h2>\n<p>To make it easier for you to register with us, we have stored the registration form required by the city of Cochem here in digital form.<\/p>\n<p>You can fill out the registration form directly online, print it out and bring it with you on the day of arrival. You can fill out the registration form directly online, print it out, and bring it with you on your arrival day. Click on the image of the arrival form or <a title=\"to the registration form\" href=\"https:\/\/moselpension.de\/wp-content\/uploads\/2025\/09\/Meldeschein-2025.pdf\" target=\"_blank\" rel=\"noopener\">here<\/a>.<\/p>\n<p><a href=\"https:\/\/moselpension.de\/wp-content\/uploads\/2023\/08\/Meldeschein-2023.pdf\" target=\"_blank\" rel=\"noopener\"><img fetchpriority=\"high\" decoding=\"async\" class=\"alignleft wp-image-5706 size-medium\" src=\"https:\/\/moselpension.de\/wp-content\/uploads\/2023\/08\/Meldeschein-2023-400x234.jpg\" alt=\"\" width=\"400\" height=\"234\" srcset=\"https:\/\/moselpension.de\/wp-content\/uploads\/2023\/08\/Meldeschein-2023-400x234.jpg 400w, https:\/\/moselpension.de\/wp-content\/uploads\/2023\/08\/Meldeschein-2023-1200x701.jpg 1200w, https:\/\/moselpension.de\/wp-content\/uploads\/2023\/08\/Meldeschein-2023-200x117.jpg 200w, https:\/\/moselpension.de\/wp-content\/uploads\/2023\/08\/Meldeschein-2023-768x449.jpg 768w, https:\/\/moselpension.de\/wp-content\/uploads\/2023\/08\/Meldeschein-2023-1536x897.jpg 1536w, https:\/\/moselpension.de\/wp-content\/uploads\/2023\/08\/Meldeschein-2023.jpg 1920w\" sizes=\"(max-width: 400px) 100vw, 400px\" \/><\/a><\/p>\n\t\t\t\t\t\t\t\t<\/div>\n\t\t\t\t<\/div>\n\t\t\t\t<div class=\"elementor-element elementor-element-ac0da1a elementor-widget elementor-widget-text-editor\" data-id=\"ac0da1a\" data-element_type=\"widget\" data-e-type=\"widget\" data-widget_type=\"text-editor.default\">\n\t\t\t\t<div class=\"elementor-widget-container\">\n\t\t\t\t\t\t\t\t\t<h2>Directions<\/h2>\n<p><a href=\"https:\/\/moselpension.de\/wp-content\/uploads\/2024\/05\/anreisedurchfahrt_mai-2024.pdf\" target=\"_blank\" rel=\"noopener\"><img decoding=\"async\" class=\"alignnone wp-image-3552 size-full\" title=\"Anfahrt Hotel Villa Tummelchen\" src=\"https:\/\/moselpension.de\/wp-content\/uploads\/2020\/05\/Flyer-Anfahrt-dl_portrait_6_fl-Druck-2.jpg\" alt=\"Anfahrt Hotel Villa Tummelchen\" width=\"2484\" height=\"1862\" srcset=\"https:\/\/moselpension.de\/wp-content\/uploads\/2020\/05\/Flyer-Anfahrt-dl_portrait_6_fl-Druck-2.jpg 2484w, https:\/\/moselpension.de\/wp-content\/uploads\/2020\/05\/Flyer-Anfahrt-dl_portrait_6_fl-Druck-2-400x300.jpg 400w, https:\/\/moselpension.de\/wp-content\/uploads\/2020\/05\/Flyer-Anfahrt-dl_portrait_6_fl-Druck-2-1200x900.jpg 1200w, https:\/\/moselpension.de\/wp-content\/uploads\/2020\/05\/Flyer-Anfahrt-dl_portrait_6_fl-Druck-2-200x150.jpg 200w, https:\/\/moselpension.de\/wp-content\/uploads\/2020\/05\/Flyer-Anfahrt-dl_portrait_6_fl-Druck-2-768x576.jpg 768w, https:\/\/moselpension.de\/wp-content\/uploads\/2020\/05\/Flyer-Anfahrt-dl_portrait_6_fl-Druck-2-1536x1151.jpg 1536w, https:\/\/moselpension.de\/wp-content\/uploads\/2020\/05\/Flyer-Anfahrt-dl_portrait_6_fl-Druck-2-2048x1535.jpg 2048w\" sizes=\"(max-width: 2484px) 100vw, 2484px\" \/><\/a><\/p>\n\t\t\t\t\t\t\t\t<\/div>\n\t\t\t\t<\/div>\n\t\t\t\t\t<\/div>\n\t\t\t\t<\/div>\n\t\t\t\t<div class=\"elementor-element elementor-element-ff405b0 elementor-align-right elementor-widget elementor-widget-button\" data-id=\"ff405b0\" data-element_type=\"widget\" data-e-type=\"widget\" data-widget_type=\"button.default\">\n\t\t\t\t<div class=\"elementor-widget-container\">\n\t\t\t\t\t\t\t\t\t<div class=\"elementor-button-wrapper\">\n\t\t\t\t\t<a class=\"elementor-button elementor-button-link elementor-size-sm\" href=\"https:\/\/moselpension.de\/wp-content\/uploads\/2024\/05\/anreisedurchfahrt_mai-2024.pdf\" target=\"_blank\" id=\"Anreisebeschreibung zum Download\">\n\t\t\t\t\t\t<span class=\"elementor-button-content-wrapper\">\n\t\t\t\t\t\t\t\t\t<span class=\"elementor-button-text\">Directions for download<\/span>\n\t\t\t\t\t<\/span>\n\t\t\t\t\t<\/a>\n\t\t\t\t<\/div>\n\t\t\t\t\t\t\t\t<\/div>\n\t\t\t\t<\/div>\n\t\t<div class=\"elementor-element elementor-element-5926a58 e-grid e-con-boxed e-con e-child\" data-id=\"5926a58\" data-element_type=\"container\" data-e-type=\"container\">\n\t\t\t\t\t<div class=\"e-con-inner\">\n\t\t\t\t<div class=\"elementor-element elementor-element-20f013b elementor-widget elementor-widget-text-editor\" data-id=\"20f013b\" data-element_type=\"widget\" data-e-type=\"widget\" data-widget_type=\"text-editor.default\">\n\t\t\t\t<div class=\"elementor-widget-container\">\n\t\t\t\t\t\t\t\t\t<h3>Important note for users of navigation systems and route planners<\/h3>\n<p><\/p>\n<p class=\"rtejustify\">Your navigation system is probably guiding you through roads that are closed for seasonal reasons. Therefore, please do not enter the address of our house<\/span> as the destination address, but be sure to follow the instructions for traveling by car and motorbike, which you also have can be found further down on this page. Otherwise you may be misdirected! If you have any questions during your arrival, our reception will be happy to help you at any time. <span style=\"color: #000000;\"><a style=\"color: #000000;\" href=\"tel:+492671910520\">\u260e<\/a>\u00a0<strong><a style=\"color: #000000;\" href=\"tel:00492671910520\">+49 (0) 2671 \u2013 910520<\/a><\/strong><\/span><\/p>\n\t\t\t\t\t\t\t\t<\/div>\n\t\t\t\t<\/div>\n\t\t\t\t<div class=\"elementor-element elementor-element-c21da32 elementor-widget elementor-widget-image\" data-id=\"c21da32\" data-element_type=\"widget\" data-e-type=\"widget\" data-widget_type=\"image.default\">\n\t\t\t\t<div class=\"elementor-widget-container\">\n\t\t\t\t\t\t\t\t\t\t\t\t\t\t\t\t<a href=\"\" target=\"_blank\">\n\t\t\t\t\t\t\t<img decoding=\"async\" width=\"300\" height=\"300\" src=\"https:\/\/moselpension.de\/wp-content\/uploads\/2024\/05\/Anfahrtbeschreibung-Mai-2024-qr-code-300x300.jpeg\" class=\"attachment-medium size-medium wp-image-6412\" alt=\"QR-Code zum Aufrufen der Anfahrtsbeschreibung\" srcset=\"https:\/\/moselpension.de\/wp-content\/uploads\/2024\/05\/Anfahrtbeschreibung-Mai-2024-qr-code-300x300.jpeg 300w, https:\/\/moselpension.de\/wp-content\/uploads\/2024\/05\/Anfahrtbeschreibung-Mai-2024-qr-code-150x150.jpeg 150w, https:\/\/moselpension.de\/wp-content\/uploads\/2024\/05\/Anfahrtbeschreibung-Mai-2024-qr-code.jpeg 500w\" sizes=\"(max-width: 300px) 100vw, 300px\" \/>\t\t\t\t\t\t\t\t<\/a>\n\t\t\t\t\t\t\t\t\t\t\t\t\t\t\t<\/div>\n\t\t\t\t<\/div>\n\t\t\t\t\t<\/div>\n\t\t\t\t<\/div>\n\t\t\t\t\t<\/div>\n\t\t\t\t<\/div>\n\t\t\t\t\t<\/div>\n\t\t\t\t<\/div>\n\t\t<div class=\"elementor-element elementor-element-65c7ac4 e-grid e-con-boxed e-con e-child\" data-id=\"65c7ac4\" data-element_type=\"container\" data-e-type=\"container\">\n\t\t\t\t\t<div class=\"e-con-inner\">\n\t\t<div class=\"elementor-element elementor-element-6b80b4f e-grid e-con-boxed e-con e-child\" data-id=\"6b80b4f\" data-element_type=\"container\" data-e-type=\"container\">\n\t\t\t\t\t<div class=\"e-con-inner\">\n\t\t\t\t<div class=\"elementor-element elementor-element-1aa8701 elementor-widget elementor-widget-heading\" data-id=\"1aa8701\" data-element_type=\"widget\" data-e-type=\"widget\" id=\"Auto\" data-widget_type=\"heading.default\">\n\t\t\t\t<div class=\"elementor-widget-container\">\n\t\t\t\t\t<h2 class=\"elementor-heading-title elementor-size-default\">Arrival by car or bicycle<\/h2>\t\t\t\t<\/div>\n\t\t\t\t<\/div>\n\t\t\t\t<div class=\"elementor-element elementor-element-87730c1 elementor-widget elementor-widget-text-editor\" data-id=\"87730c1\" data-element_type=\"widget\" data-e-type=\"widget\" data-widget_type=\"text-editor.default\">\n\t\t\t\t<div class=\"elementor-widget-container\">\n\t\t\t\t\t\t\t\t\tThe medieval town center of Cochem is a pedestrian zone during the day. However, passage for our guests is officially approved on the shortest and easiest route:<br>You drive on the Moselle promenade (B49) to house number 16a. There is the \u201cBelmondo\u201d gift and tea shop. Here you drive into Zollstra\u00dfe<span style=\"color: #000000;\">\u00a0<a style=\"color: #000000;\" href=\"https:\/\/moselpension.de\/wp-content\/uploads\/2021\/02\/anreisedurchfahrt_-c.pdf\" target=\"_blank\" rel=\"noopener\">(Approval of passage for cars and motorcycles)<\/a><\/span><span style=\"letter-spacing: 0.02em;\"><span style=\"color: #000000;\">.<\/span> After a few meters you cross Herrenstra\u00dfe and Schlo\u00dfstra\u00dfe begins (increasing). Follow this until you reach the entrance to Villa Tummelchen on the right after about 150 m. We recommend that you reverse your car up our driveway<b style=\"letter-spacing: 0.02em;\">. <\/b><\/span><br><br>The parking spaces\u00a0<span class=\"Y2IQFc\" lang=\"en\">(fees apply)\u00a0<\/span>are above our house and are secured with bollards. You will receive the key for the bollards with your room key. We will explain directions to the parking spaces and the short walk back to our house when you greet us.<br><br><span style=\"letter-spacing: 0.02em;\">If, contrary to expectations, you cannot find the entrance to our hotel, call us on the <b>telephone number. <\/b><\/span><span style=\"letter-spacing: 0.36px;\"><b>(+49 2671 910520)<\/b>. <\/span><span style=\"letter-spacing: 0.02em;\">We would be happy to guide you from the Moselle promenade by telephone to us at Schlo\u00dfstra\u00dfe 22.<\/span><br><br><span style=\"letter-spacing: 0.36px;\">Guests with bicycles are welcome to park and lock them safely in the garage (free of charge and subject to availability). <\/span>\t\t\t\t\t\t\t\t<\/div>\n\t\t\t\t<\/div>\n\t\t\t\t<div class=\"elementor-element elementor-element-8de6f62 elementor-widget elementor-widget-text-editor\" data-id=\"8de6f62\" data-element_type=\"widget\" data-e-type=\"widget\" data-widget_type=\"text-editor.default\">\n\t\t\t\t<div class=\"elementor-widget-container\">\n\t\t\t\t\t\t\t\t\t<p>Charging batteries<\/p>\n\t\t\t\t\t\t\t\t<\/div>\n\t\t\t\t<\/div>\n\t\t<div class=\"elementor-element elementor-element-5172d2b e-grid e-con-boxed e-con e-child\" data-id=\"5172d2b\" data-element_type=\"container\" data-e-type=\"container\">\n\t\t\t\t\t<div class=\"e-con-inner\">\n\t\t\t\t<div class=\"elementor-element elementor-element-9d2cf68 elementor-widget elementor-widget-text-editor\" data-id=\"9d2cf68\" data-element_type=\"widget\" data-e-type=\"widget\" data-widget_type=\"text-editor.default\">\n\t\t\t\t<div class=\"elementor-widget-container\">\n\t\t\t\t\t\t\t\t\t<p><span style=\"letter-spacing: 0.36px;\"><img loading=\"lazy\" decoding=\"async\" class=\"wp-image-5508 alignleft\" src=\"https:\/\/moselpension.de\/wp-content\/uploads\/2023\/02\/Brandgefahr-339x300.png\" alt=\"\" width=\"144\" height=\"128\" srcset=\"https:\/\/moselpension.de\/wp-content\/uploads\/2023\/02\/Brandgefahr-339x300.png 339w, https:\/\/moselpension.de\/wp-content\/uploads\/2023\/02\/Brandgefahr-169x150.png 169w, https:\/\/moselpension.de\/wp-content\/uploads\/2023\/02\/Brandgefahr.png 500w\" sizes=\"(max-width: 144px) 100vw, 144px\" \/><\/span><\/p>\n<p><strong>Danger of fire!<br \/>\n<\/strong><span style=\"letter-spacing: 0.36px;\">E-bike batteries are only charged in our garage.<\/span><\/p>\n<p><span style=\"letter-spacing: 0.36px;\">When charging batteries in the room, you assume liability for any damage caused.<\/span><\/p>\n\t\t\t\t\t\t\t\t<\/div>\n\t\t\t\t<\/div>\n\t\t\t\t<div class=\"elementor-element elementor-element-58f96d6 elementor-widget elementor-widget-text-editor\" data-id=\"58f96d6\" data-element_type=\"widget\" data-e-type=\"widget\" data-widget_type=\"text-editor.default\">\n\t\t\t\t<div class=\"elementor-widget-container\">\n\t\t\t\t\t\t\t\t\t<p><span style=\"letter-spacing: 0.36px;\"><img loading=\"lazy\" decoding=\"async\" class=\"alignleft wp-image-1426 size-full\" src=\"https:\/\/moselpension.de\/wp-content\/uploads\/2018\/10\/pedelec-1270881-75x75.jpg\" alt=\"Symbol\" width=\"75\" height=\"75\" \/> Batteries for e-bikes are only stored and charged in the garage.<\/span><\/p>\n\t\t\t\t\t\t\t\t<\/div>\n\t\t\t\t<\/div>\n\t\t\t\t\t<\/div>\n\t\t\t\t<\/div>\n\t\t\t\t\t<\/div>\n\t\t\t\t<\/div>\n\t\t\t\t\t<\/div>\n\t\t\t\t<\/div>\n\t\t\t\t\t<\/div>\n\t\t\t\t<\/div>\n\t\t<div class=\"elementor-element elementor-element-c2db793 e-flex e-con-boxed e-con e-parent\" data-id=\"c2db793\" data-element_type=\"container\" data-e-type=\"container\">\n\t\t\t\t\t<div class=\"e-con-inner\">\n\t\t<div class=\"elementor-element elementor-element-b4a5487 e-con-full e-flex e-con e-child\" data-id=\"b4a5487\" data-element_type=\"container\" data-e-type=\"container\">\n\t\t\t\t<div class=\"elementor-element elementor-element-ec78b13 elementor-widget elementor-widget-heading\" data-id=\"ec78b13\" data-element_type=\"widget\" data-e-type=\"widget\" id=\"Motorrad\" data-widget_type=\"heading.default\">\n\t\t\t\t<div class=\"elementor-widget-container\">\n\t\t\t\t\t<h2 class=\"elementor-heading-title elementor-size-default\">Arrival by motorcycle<\/h2>\t\t\t\t<\/div>\n\t\t\t\t<\/div>\n\t\t\t\t<div class=\"elementor-element elementor-element-411adc3 elementor-widget elementor-widget-text-editor\" data-id=\"411adc3\" data-element_type=\"widget\" data-e-type=\"widget\" data-widget_type=\"text-editor.default\">\n\t\t\t\t<div class=\"elementor-widget-container\">\n\t\t\t\t\t\t\t\t\t<div class=\"h1frame\">\n<div><b>Proven tip:<\/b> We particularly and <strong>expressly<\/strong> advise bikers to approach our house \u201cfrom above\u201d.<\/div>\n<p><\/p>\n<div>\n<p>It is easier for motorcyclists to enter our yard if they come from \u201cabove\u201d.<br \/>\nEntrance into Zollstrasse &#8211; extension into Schlo\u00dfstrasse, follow the road past Villa Tummelchen to the terrace caf\u00e9 Schlo\u00dfbergcafe.<br \/>\nHere you have a good opportunity to turn around and drive down Schlo\u00dfstra\u00dfe from above to the courtyard entrance to Villa Tummelchen.<\/p>\n<p><span style=\"color: #000000;\"><a style=\"color: #000000;\" href=\"https:\/\/moselpension.de\/wp-content\/uploads\/2020\/05\/anreisedurchfahrt_b.pdf\" target=\"_blank\" rel=\"noopener\">Directions plan<\/a><\/span><\/p>\n<p>The GPS coordinates of our house:<br \/>\n<span style=\"letter-spacing: 0.02em;\">Decimal degrees: N 50.143579 &#8211; E 7.165912<\/span><i style=\"letter-spacing: 0.02em;\">(format \u201cDD.DDD \u201d)<\/i><span style=\"letter-spacing: 0.02em;\">\u00a0degrees, minutes decimal: N 50\u00b008.614&#8242; &#8211; E 07\u00b009.954&#8242;\u00a0<\/span><i style=\"letter-spacing: 0.02 em;\">(format &#8220;DD MM.MMM&#8221;)<\/i><span style=\"letter-spacing: 0.02em;\">\u00a0Degrees, minutes, seconds: N 50\u00b008&#8217;36.88&#8243; &#8211; E 07\u00b0 09&#8217;57.28&#8243;<\/span><i style=\"letter-spacing: 0.02em;\">(format \u201cDD MM SS\u201d)<\/i><\/p>\n<\/div>\n<p><\/div>\n\t\t\t\t\t\t\t\t<\/div>\n\t\t\t\t<\/div>\n\t\t\t\t<div class=\"elementor-element elementor-element-42f8fbd elementor-widget elementor-widget-text-editor\" data-id=\"42f8fbd\" data-element_type=\"widget\" data-e-type=\"widget\" data-widget_type=\"text-editor.default\">\n\t\t\t\t<div class=\"elementor-widget-container\">\n\t\t\t\t\t\t\t\t\t<p><strong>Parking<br \/>\n<\/strong>Parking options for motorcycles are in the garage (free of charge and subject to availability) or in the video-monitored yard.<\/p>\n\t\t\t\t\t\t\t\t<\/div>\n\t\t\t\t<\/div>\n\t\t\t\t<div class=\"elementor-element elementor-element-b1c9f36 elementor-widget elementor-widget-heading\" data-id=\"b1c9f36\" data-element_type=\"widget\" data-e-type=\"widget\" id=\"Reisegep\u00e4ck\" data-widget_type=\"heading.default\">\n\t\t\t\t<div class=\"elementor-widget-container\">\n\t\t\t\t\t<h2 class=\"elementor-heading-title elementor-size-default\">Service for all your luggage<\/h2>\t\t\t\t<\/div>\n\t\t\t\t<\/div>\n\t\t\t\t<div class=\"elementor-element elementor-element-3fec199 elementor-widget elementor-widget-text-editor\" data-id=\"3fec199\" data-element_type=\"widget\" data-e-type=\"widget\" data-widget_type=\"text-editor.default\">\n\t\t\t\t<div class=\"elementor-widget-container\">\n\t\t\t\t\t\t\t\t\t<p>You are welcome to leave your luggage <span style=\"letter-spacing: 0.36px;\">e<\/span><span style=\"letter-spacing: 0.36px;\">e.g. B.<\/span><span style=\"letter-spacing: 0.02em;\">send to us via a door-to-door luggage service , we will be happy to take your luggage to the post office to return it on your journey home. <\/span><\/p>\n<p><span style=\"letter-spacing: 0.02em;\">For touring cyclists, we can organize the luggage transfer from the previous or to the next destination. Check whether it is cheaper for you to ship your luggage instead of checking it in as an expensive additional piece of luggage. You can compare the prices of the post office and Hermes on the following pages:<\/span><\/p>\n<p><span style=\"letter-spacing: 0.02em;\"><a href=\"https:\/\/moselpension.de\/wp-content\/uploads\/2018\/04\/luggage-1968644-1200x700-e1528986742568.png\"> <img loading=\"lazy\" decoding=\"async\" class=\"size-thumbnail wp-image-1158 alignleft\" src=\"https:\/\/moselpension.de\/wp-content\/uploads\/2018\/04\/luggage-1968644-1200x700-200x129.png\" alt=\"\" width=\"200\" height=\"129\" \/><\/a><\/span><\/p>\n<ul style=\"overflow: visible; background-image: initial; background-position: 0px 0px; background-size: initial; background-repeat: initial; background-attachment: initial; background-origin: initial; background-clip: initial; color: #323b3d; font-family: Arial, Helvetica, letter-spacing: 0.36px;\">\n<li style=\"padding-left: 0px; background: 0px 0px; margin-left: 0px; list-style: inherit;\"><span style=\"color: #000000;\"><a style=\"transition-property: all; color: #000000;\" href=\"https:\/\/www.myhermes.de\/wps\/portal\/paket\/Home\/privatkunden\/versenden\/koffer\">Hermes luggage and bicycle shipping<\/a><\/span><\/li>\n<li style=\"padding-left: 0px; background: 0px 0px; margin-left: 0px; list-style: inherit;\"><span style=\"color: #000000;\"><a style=\"transition-property: all; color: #000000;\" href=\"https:\/\/www.dhl.de\/de\/paket\/pakete-versenden\/deutschlandweit-versenden\/reisegepaeck.html\">Post luggage and bicycle shipping<\/a><\/span><\/li>\n<\/ul>\n\t\t\t\t\t\t\t\t<\/div>\n\t\t\t\t<\/div>\n\t\t\t\t<div class=\"elementor-element elementor-element-00666b1 elementor-widget elementor-widget-heading\" data-id=\"00666b1\" data-element_type=\"widget\" data-e-type=\"widget\" id=\"DB\" data-widget_type=\"heading.default\">\n\t\t\t\t<div class=\"elementor-widget-container\">\n\t\t\t\t\t<h2 class=\"elementor-heading-title elementor-size-default\">Arrival with Deutsche Bahn<\/h2>\t\t\t\t<\/div>\n\t\t\t\t<\/div>\n\t\t\t\t<div class=\"elementor-element elementor-element-192d5e4 elementor-widget elementor-widget-text-editor\" data-id=\"192d5e4\" data-element_type=\"widget\" data-e-type=\"widget\" data-widget_type=\"text-editor.default\">\n\t\t\t\t<div class=\"elementor-widget-container\">\n\t\t\t\t\t\t\t\t\tCochem is on the Koblenz &#8211; Trier railway line, with ICE, InterCity, RegionalExpress and RegionalBahn stops. There are through trains, for example: B. also from\/to Berlin, Bonn, Dortmund, D\u00fcsseldorf, Essen, Hanover, Cologne, Cologne\/Bonn Airport, Luxembourg, M\u00fcnster, Norddeich, Saarbr\u00fccken.<br><br>You can book your train journey to Cochem (Mosel) via<span style=\"color: #000000;\">\u00a0<strong><a style=\"color: #000000;\" href=\"https:\/\/www.bahn.de\/p\/view\/index.shtml\" target=\"_blank\" rel=\"noopener\">www.bahn.de<\/a>\u00a0<\/strong><\/span>book . We recommend the EurailPass from RAILEUROPE\u2122 to our guests from countries outside of Europe for their journey through Europe. With the Eurailpass you can travel unbeatably cheaply. Detailed information can be found on the\u00a0RAILEUROPE\u2122 homepage.<br><br>After your arrival you will find a taxi rank at the exit of Cochem train station. If you would like to be picked up from the train station, please contact the taxi company in advance at +49 2671 8080. This also applies to return transportation upon your departure.\t\t\t\t\t\t\t\t<\/div>\n\t\t\t\t<\/div>\n\t\t\t\t<div class=\"elementor-element elementor-element-bfd5db4 elementor-widget elementor-widget-heading\" data-id=\"bfd5db4\" data-element_type=\"widget\" data-e-type=\"widget\" id=\"Flugzeug\" data-widget_type=\"heading.default\">\n\t\t\t\t<div class=\"elementor-widget-container\">\n\t\t\t\t\t<h2 class=\"elementor-heading-title elementor-size-default\">Arrival by plane<\/h2>\t\t\t\t<\/div>\n\t\t\t\t<\/div>\n\t\t\t\t<div class=\"elementor-element elementor-element-9f5da87 elementor-widget elementor-widget-text-editor\" data-id=\"9f5da87\" data-element_type=\"widget\" data-e-type=\"widget\" data-widget_type=\"text-editor.default\">\n\t\t\t\t<div class=\"elementor-widget-container\">\n\t\t\t\t\t\t\t\t\t<p>Very close (43 km) to Cochem is the Hunsr\u00fcck Airport Frankfurt-Hahn, currently famous for its inexpensive flights with Ryanair and other low-cost airlines.<br \/>But four important international airports are also not far away: Cologne-Bonn (110 km), Luxembourg (130 km), Frankfurt Rhein-Main (144 km) and D\u00fcsseldorf (159 km).<\/p>\n<p>The AirportShuttle Mosel runs from Hahn Airport to Cochem. From the other airports you can reach Cochem by train or rental car. Get advice from your travel agency.<\/p>\n<p>If you are traveling to Frankfurt Hahn Airport by plane, we will provide you with detailed information about the shuttle service from the airport to Cochem.<\/p>\n\t\t\t\t\t\t\t\t<\/div>\n\t\t\t\t<\/div>\n\t\t\t\t<\/div>\n\t\t\t\t\t<\/div>\n\t\t\t\t<\/div>\n\t\t\t\t<\/div>\n\t\t","protected":false},"excerpt":{"rendered":"<p>How to find us Registration form To make it easier for you to register with us, we have stored the registration form required by the city of Cochem here in digital form. You can fill out the registration form directly online, print it out and bring it with you on the day of arrival. You [&hellip;]<\/p>\n","protected":false},"author":2,"featured_media":0,"parent":0,"menu_order":0,"comment_status":"closed","ping_status":"closed","template":"","meta":{"footnotes":""},"class_list":["post-2500","page","type-page","status-publish","hentry"],"aioseo_notices":[],"_links":{"self":[{"href":"https:\/\/moselpension.de\/en\/wp-json\/wp\/v2\/pages\/2500","targetHints":{"allow":["GET"]}}],"collection":[{"href":"https:\/\/moselpension.de\/en\/wp-json\/wp\/v2\/pages"}],"about":[{"href":"https:\/\/moselpension.de\/en\/wp-json\/wp\/v2\/types\/page"}],"author":[{"embeddable":true,"href":"https:\/\/moselpension.de\/en\/wp-json\/wp\/v2\/users\/2"}],"replies":[{"embeddable":true,"href":"https:\/\/moselpension.de\/en\/wp-json\/wp\/v2\/comments?post=2500"}],"version-history":[{"count":31,"href":"https:\/\/moselpension.de\/en\/wp-json\/wp\/v2\/pages\/2500\/revisions"}],"predecessor-version":[{"id":7051,"href":"https:\/\/moselpension.de\/en\/wp-json\/wp\/v2\/pages\/2500\/revisions\/7051"}],"wp:attachment":[{"href":"https:\/\/moselpension.de\/en\/wp-json\/wp\/v2\/media?parent=2500"}],"curies":[{"name":"wp","href":"https:\/\/api.w.org\/{rel}","templated":true}]}}