{"id":2572,"date":"2019-01-30T17:44:47","date_gmt":"2019-01-30T16:44:47","guid":{"rendered":"https:\/\/moselpension.de\/actief\/motorfiets\/"},"modified":"2025-11-16T11:03:45","modified_gmt":"2025-11-16T10:03:45","slug":"motorfiets","status":"publish","type":"page","link":"https:\/\/moselpension.de\/nl\/actief\/motorfiets\/","title":{"rendered":"motorfiets"},"content":{"rendered":"\t\t<div data-elementor-type=\"wp-post\" data-elementor-id=\"2572\" class=\"elementor elementor-2572 elementor-908\" data-elementor-post-type=\"page\">\n\t\t\t\t\t\t<section class=\"elementor-section elementor-top-section elementor-element elementor-element-b165749 elementor-section-boxed elementor-section-height-default elementor-section-height-default\" data-id=\"b165749\" data-element_type=\"section\" data-e-type=\"section\">\n\t\t\t\t\t\t<div class=\"elementor-container elementor-column-gap-default\">\n\t\t\t\t\t<div class=\"elementor-column elementor-col-100 elementor-top-column elementor-element elementor-element-e53b112\" data-id=\"e53b112\" data-element_type=\"column\" data-e-type=\"column\">\n\t\t\t<div class=\"elementor-widget-wrap elementor-element-populated\">\n\t\t\t\t\t\t<div class=\"elementor-element elementor-element-b9ca75d elementor-widget elementor-widget-text-editor\" data-id=\"b9ca75d\" data-element_type=\"widget\" data-e-type=\"widget\" data-widget_type=\"text-editor.default\">\n\t\t\t\t<div class=\"elementor-widget-container\">\n\t\t\t\t\t\t\t\t\t<h1>Motorfiets en Moezel &#8211; een droomachtige combinatie<\/h1>\n<p>De motortochten rechts en links van de Moezel zijn de motorhighlights bij uitstek. Vaar langs de Moezel en geniet dan met een bijna alpine uitstraling van de Eifel en de Hunsr\u00fcck. Anders is er geen betere verandering in heel Duitsland. Links van de Moezel, d.w.z. in de Eifel, ging het vrij gewelddadig voor een geologische korte tijd, ongeveer 10.000 jaar. Door enorme vulkaanuitbarstingen vormde de natuur een uniek landschap, dat ons vandaag de dag uitnodigt om op de motor te rijden.<\/p>\n\t\t\t\t\t\t\t\t<\/div>\n\t\t\t\t<\/div>\n\t\t\t\t\t<\/div>\n\t\t<\/div>\n\t\t\t\t\t<\/div>\n\t\t<\/section>\n\t\t\t\t<section class=\"elementor-section elementor-top-section elementor-element elementor-element-7f9ffc8 elementor-section-boxed elementor-section-height-default elementor-section-height-default\" data-id=\"7f9ffc8\" data-element_type=\"section\" data-e-type=\"section\">\n\t\t\t\t\t\t<div class=\"elementor-container elementor-column-gap-default\">\n\t\t\t\t\t<div class=\"elementor-column elementor-col-50 elementor-top-column elementor-element elementor-element-3f930c2\" data-id=\"3f930c2\" data-element_type=\"column\" data-e-type=\"column\">\n\t\t\t<div class=\"elementor-widget-wrap elementor-element-populated\">\n\t\t\t\t\t\t<div class=\"elementor-element elementor-element-3565c9f elementor-widget elementor-widget-text-editor\" data-id=\"3565c9f\" data-element_type=\"widget\" data-e-type=\"widget\" data-widget_type=\"text-editor.default\">\n\t\t\t\t<div class=\"elementor-widget-container\">\n\t\t\t\t\t\t\t\t\t<p><span style=\"color: #808080;\"><strong>De Hunsr\u00fcck per motorfiets verkennen<\/strong><\/span>.<\/p>\n<p><span style=\"color: #808080;\">Als je de Eifel al verkend hebt, heb je nog de Hunsr\u00fcck, die minstens evenveel te bieden heeft voor gepassioneerde motorrijders.\u00a0<\/span><\/p>\n\t\t\t\t\t\t\t\t<\/div>\n\t\t\t\t<\/div>\n\t\t\t\t<div class=\"elementor-element elementor-element-7d21c2f elementor-widget elementor-widget-text-editor\" data-id=\"7d21c2f\" data-element_type=\"widget\" data-e-type=\"widget\" data-widget_type=\"text-editor.default\">\n\t\t\t\t<div class=\"elementor-widget-container\">\n\t\t\t\t\t\t\t\t\t<p><strong><span style=\"color: #808080;\">Tours door de Eifel<\/span><\/strong>.<\/p>\n<p><span style=\"color: #808080;\">Cochem grenst aan twee middelgebergten tegelijk, waartoe ook de smalle Moezelvallei behoort. De ene is de Eifel, waar u tal van motortochten kunt maken, en de andere is de Hunsr\u00fcck, die hieronder wordt beschreven.<\/span><\/p>\n\t\t\t\t\t\t\t\t<\/div>\n\t\t\t\t<\/div>\n\t\t\t\t<div class=\"elementor-element elementor-element-2e1369a elementor-widget elementor-widget-text-editor\" data-id=\"2e1369a\" data-element_type=\"widget\" data-e-type=\"widget\" data-widget_type=\"text-editor.default\">\n\t\t\t\t<div class=\"elementor-widget-container\">\n\t\t\t\t\t\t\t\t\t<p><span style=\"color: #808080;\"><strong>Aan de Moezel<\/strong><\/span>.<\/p>\n<p>Geniet van het prachtige uitzicht langs de Moezel: ontdek hier welke mogelijkheden er zijn voor motortochten langs de Moezel. Waarom stuurt u ons uw tochten niet, zodat wij u aan andere gasten kunnen aanbevelen!<\/p>\n\t\t\t\t\t\t\t\t<\/div>\n\t\t\t\t<\/div>\n\t\t\t\t\t<\/div>\n\t\t<\/div>\n\t\t\t\t<div class=\"elementor-column elementor-col-50 elementor-top-column elementor-element elementor-element-0713d64\" data-id=\"0713d64\" data-element_type=\"column\" data-e-type=\"column\">\n\t\t\t<div class=\"elementor-widget-wrap elementor-element-populated\">\n\t\t\t\t\t\t<div class=\"elementor-element elementor-element-4d5e419 elementor-widget elementor-widget-text-editor\" data-id=\"4d5e419\" data-element_type=\"widget\" data-e-type=\"widget\" data-widget_type=\"text-editor.default\">\n\t\t\t\t<div class=\"elementor-widget-container\">\n\t\t\t\t\t\t\t\t\t<p><span style=\"color: #808080;\"><strong><a style=\"color: #808080;\" href=\"http:\/\/www.nuerburgring.de\/fahren-erleben\/fahren\/touristenfahrten.html\" target=\"_blank\" rel=\"noopener\">N\u00fcrburgring<\/a><\/strong><\/span><\/p>\n<p><span style=\"color: #808080;\"><a style=\"color: #808080;\" href=\"http:\/\/www.nuerburgring.de\/fahren-erleben\/fahren\/touristenfahrten.html\" target=\"_blank\" rel=\"noopener\">Het beroemdste racecircuit ter wereld, de N\u00fcrburgring, ligt op iets minder dan 40 km van Cochem. U kunt het bereiken via de &#8220;Panoramastra\u00dfe&#8221; (B259). Alleen al de &#8220;Erlebniswelt N\u00fcrburgring&#8221; is een bezoek waard. Maar wat dacht je ervan om de legendarische &#8220;Nordschleife&#8221; zelf op je motor te rijden? &#8211; Een hoogtepunt voor elke motorsportfan! <\/a><\/span>.<\/p>\n<p><span style=\"color: #808080;\"><a style=\"background-color: #f2ead6; letter-spacing: 0.02em; color: #808080;\" href=\"http:\/\/www.ringtaxi.de\/\" target=\"_blank\" rel=\"noopener\"><span class=\"marker\" style=\"background-color: #f2ead6; letter-spacing: 0. 02em;\">Er is alleen op de Ring, hier komt een droom uit:<\/span><span style=\"background-color: #f2ead6; letter-spacing: 0.02em;\"> rij op racesnelheid over de N\u00fcrburgring, de legendarische Nordschleife in een originele raceauto als co-piloot van een op de Ring ervaren raceprofessional die je van dichtbij meemaakt. Op geen enkel ander racecircuit ter wereld wordt deze ervaring aangeboden.<\/span><\/a><\/span>.<\/p>\n<p><span style=\"color: #808080;\">Voor meer details, bezoek <a style=\"color: #808080;\" href=\"http:\/\/www.ringtaxi.de\/\" target=\"_blank\" rel=\"noopener\">www.ringtaxi.de<\/a>.<\/span><\/p>\n<p><span style=\"color: #808080;\">U kunt een bezoek aan de Ring ideaal combineren met een rondje door de Vulkaaneifel.<\/span>.<\/p>\n\t\t\t\t\t\t\t\t<\/div>\n\t\t\t\t<\/div>\n\t\t\t\t\t<\/div>\n\t\t<\/div>\n\t\t\t\t\t<\/div>\n\t\t<\/section>\n\t\t\t\t<section class=\"elementor-section elementor-top-section elementor-element elementor-element-19584a4 elementor-section-boxed elementor-section-height-default elementor-section-height-default\" data-id=\"19584a4\" data-element_type=\"section\" data-e-type=\"section\">\n\t\t\t\t\t\t<div class=\"elementor-container elementor-column-gap-default\">\n\t\t\t\t\t<div class=\"elementor-column elementor-col-33 elementor-top-column elementor-element elementor-element-46f1b7a\" data-id=\"46f1b7a\" data-element_type=\"column\" data-e-type=\"column\">\n\t\t\t<div class=\"elementor-widget-wrap elementor-element-populated\">\n\t\t\t\t\t\t<div class=\"elementor-element elementor-element-b86ec52 elementor-widget elementor-widget-image\" data-id=\"b86ec52\" data-element_type=\"widget\" data-e-type=\"widget\" data-widget_type=\"image.default\">\n\t\t\t\t<div class=\"elementor-widget-container\">\n\t\t\t\t\t\t\t\t\t\t\t\t\t\t\t<img decoding=\"async\" src=\"https:\/\/moselpension.de\/wp-content\/uploads\/elementor\/thumbs\/TF-PH-r9d2aev1ait6d64gpqdnvax8g7n4dd5oqrrkk2w7i8.jpg\" title=\"Touring driver partner huis\" alt=\"Touring driver partner huis\" loading=\"lazy\" \/>\t\t\t\t\t\t\t\t\t\t\t\t\t\t\t<\/div>\n\t\t\t\t<\/div>\n\t\t\t\t\t<\/div>\n\t\t<\/div>\n\t\t\t\t<div class=\"elementor-column elementor-col-33 elementor-top-column elementor-element elementor-element-7f58236\" data-id=\"7f58236\" data-element_type=\"column\" data-e-type=\"column\">\n\t\t\t<div class=\"elementor-widget-wrap elementor-element-populated\">\n\t\t\t\t\t\t<div class=\"elementor-element elementor-element-0266278 elementor-widget elementor-widget-image\" data-id=\"0266278\" data-element_type=\"widget\" data-e-type=\"widget\" data-widget_type=\"image.default\">\n\t\t\t\t<div class=\"elementor-widget-container\">\n\t\t\t\t\t\t\t\t\t\t\t\t\t\t\t<img decoding=\"async\" src=\"https:\/\/moselpension.de\/wp-content\/uploads\/elementor\/thumbs\/MFH_Wortbildmarke_ADAC_2020-886x886-1-r9d2cseckg29poo7u9cpo7c6i9xittl9ej4r89dds0.jpg\" title=\"MFH_Wortbildmarke_ADAC_2020 886&#215;886\" alt=\"MFH_Wortbildmarke_ADAC_2020 886x886\" loading=\"lazy\" \/>\t\t\t\t\t\t\t\t\t\t\t\t\t\t\t<\/div>\n\t\t\t\t<\/div>\n\t\t\t\t\t<\/div>\n\t\t<\/div>\n\t\t\t\t<div class=\"elementor-column elementor-col-33 elementor-top-column elementor-element elementor-element-4ed462c\" data-id=\"4ed462c\" data-element_type=\"column\" data-e-type=\"column\">\n\t\t\t<div class=\"elementor-widget-wrap elementor-element-populated\">\n\t\t\t\t\t\t<div class=\"elementor-element elementor-element-ec58a1b elementor-widget elementor-widget-image\" data-id=\"ec58a1b\" data-element_type=\"widget\" data-e-type=\"widget\" data-widget_type=\"image.default\">\n\t\t\t\t<div class=\"elementor-widget-container\">\n\t\t\t\t\t\t\t\t\t\t\t\t\t\t\t<img decoding=\"async\" src=\"https:\/\/moselpension.de\/wp-content\/uploads\/elementor\/thumbs\/MundR_Motorradhotel_Logo_L-r9d2cmrbffujs0wer6wy98rexypbjmyvdr7ucllqtc.jpg\" title=\"MundR_Motorradhotel_Logo_L\" alt=\"MundR_Motorradhotel_Logo_L\" loading=\"lazy\" \/>\t\t\t\t\t\t\t\t\t\t\t\t\t\t\t<\/div>\n\t\t\t\t<\/div>\n\t\t\t\t\t<\/div>\n\t\t<\/div>\n\t\t\t\t\t<\/div>\n\t\t<\/section>\n\t\t\t\t<section class=\"elementor-section elementor-top-section elementor-element elementor-element-e8431b5 elementor-section-boxed elementor-section-height-default elementor-section-height-default\" data-id=\"e8431b5\" data-element_type=\"section\" data-e-type=\"section\">\n\t\t\t\t\t\t<div class=\"elementor-container elementor-column-gap-default\">\n\t\t\t\t\t<div class=\"elementor-column elementor-col-50 elementor-top-column elementor-element elementor-element-4bff0be\" data-id=\"4bff0be\" data-element_type=\"column\" data-e-type=\"column\">\n\t\t\t<div class=\"elementor-widget-wrap\">\n\t\t\t\t\t\t\t<\/div>\n\t\t<\/div>\n\t\t\t\t<div class=\"elementor-column elementor-col-50 elementor-top-column elementor-element elementor-element-00b75f4\" data-id=\"00b75f4\" data-element_type=\"column\" data-e-type=\"column\">\n\t\t\t<div class=\"elementor-widget-wrap elementor-element-populated\">\n\t\t\t\t\t\t<div class=\"elementor-element elementor-element-afe5481 elementor-widget elementor-widget-image\" data-id=\"afe5481\" data-element_type=\"widget\" data-e-type=\"widget\" data-widget_type=\"image.default\">\n\t\t\t\t<div class=\"elementor-widget-container\">\n\t\t\t\t\t\t\t\t\t\t\t\t\t\t\t\t<a href=\"https:\/\/www.facebook.com\/VillaTummelchen\/about\" target=\"_blank\">\n\t\t\t\t\t\t\t<img decoding=\"async\" src=\"https:\/\/moselpension.de\/wp-content\/uploads\/elementor\/thumbs\/Facebook_Logo_Primary-res8hmrwf4d506plc3nkl8i5pkoscbvczni4godu9g.png\" title=\"Facebook_Logo_Primary\" alt=\"Facebook Logo\" loading=\"lazy\" \/>\t\t\t\t\t\t\t\t<\/a>\n\t\t\t\t\t\t\t\t\t\t\t\t\t\t\t<\/div>\n\t\t\t\t<\/div>\n\t\t\t\t\t<\/div>\n\t\t<\/div>\n\t\t\t\t\t<\/div>\n\t\t<\/section>\n\t\t\t\t<\/div>\n\t\t","protected":false},"excerpt":{"rendered":"<p>Motorfiets en Moezel &#8211; een droomachtige combinatie De motortochten rechts en links van de Moezel zijn de motorhighlights bij uitstek. Vaar langs de Moezel en geniet dan met een bijna alpine uitstraling van de Eifel en de Hunsr\u00fcck. Anders is er geen betere verandering in heel Duitsland. Links van de Moezel, d.w.z. in de Eifel, [&hellip;]<\/p>\n","protected":false},"author":2,"featured_media":0,"parent":2564,"menu_order":0,"comment_status":"closed","ping_status":"closed","template":"","meta":{"footnotes":""},"class_list":["post-2572","page","type-page","status-publish","hentry"],"aioseo_notices":[],"_links":{"self":[{"href":"https:\/\/moselpension.de\/nl\/wp-json\/wp\/v2\/pages\/2572","targetHints":{"allow":["GET"]}}],"collection":[{"href":"https:\/\/moselpension.de\/nl\/wp-json\/wp\/v2\/pages"}],"about":[{"href":"https:\/\/moselpension.de\/nl\/wp-json\/wp\/v2\/types\/page"}],"author":[{"embeddable":true,"href":"https:\/\/moselpension.de\/nl\/wp-json\/wp\/v2\/users\/2"}],"replies":[{"embeddable":true,"href":"https:\/\/moselpension.de\/nl\/wp-json\/wp\/v2\/comments?post=2572"}],"version-history":[{"count":11,"href":"https:\/\/moselpension.de\/nl\/wp-json\/wp\/v2\/pages\/2572\/revisions"}],"predecessor-version":[{"id":7057,"href":"https:\/\/moselpension.de\/nl\/wp-json\/wp\/v2\/pages\/2572\/revisions\/7057"}],"up":[{"embeddable":true,"href":"https:\/\/moselpension.de\/nl\/wp-json\/wp\/v2\/pages\/2564"}],"wp:attachment":[{"href":"https:\/\/moselpension.de\/nl\/wp-json\/wp\/v2\/media?parent=2572"}],"curies":[{"name":"wp","href":"https:\/\/api.w.org\/{rel}","templated":true}]}}