{"id":2630,"date":"2019-01-31T10:56:16","date_gmt":"2019-01-31T09:56:16","guid":{"rendered":"https:\/\/moselpension.de\/unser-haus\/hoe-vindt-u-ons\/"},"modified":"2025-11-16T11:04:56","modified_gmt":"2025-11-16T10:04:56","slug":"hoe-vindt-u-ons","status":"publish","type":"page","link":"https:\/\/moselpension.de\/nl\/hoe-vindt-u-ons\/","title":{"rendered":"Aankomst"},"content":{"rendered":"\t\t<div data-elementor-type=\"wp-post\" data-elementor-id=\"2630\" class=\"elementor elementor-2630 elementor-819\" data-elementor-post-type=\"page\">\n\t\t\t\t<div class=\"elementor-element elementor-element-ab5eebf e-flex e-con-boxed e-con e-parent\" data-id=\"ab5eebf\" data-element_type=\"container\" data-e-type=\"container\">\n\t\t\t\t\t<div class=\"e-con-inner\">\n\t\t<div class=\"elementor-element elementor-element-d66d65b e-grid e-con-boxed e-con e-child\" data-id=\"d66d65b\" data-element_type=\"container\" data-e-type=\"container\">\n\t\t\t\t\t<div class=\"e-con-inner\">\n\t\t\t\t<div class=\"elementor-element elementor-element-c31a8a0 elementor-widget elementor-widget-heading\" data-id=\"c31a8a0\" data-element_type=\"widget\" data-e-type=\"widget\" data-widget_type=\"heading.default\">\n\t\t\t\t<div class=\"elementor-widget-container\">\n\t\t\t\t\t<h1 class=\"elementor-heading-title elementor-size-default\">Aankomst<\/h1>\t\t\t\t<\/div>\n\t\t\t\t<\/div>\n\t\t<div class=\"elementor-element elementor-element-1dc577a e-grid e-con-boxed e-con e-child\" data-id=\"1dc577a\" data-element_type=\"container\" data-e-type=\"container\">\n\t\t\t\t\t<div class=\"e-con-inner\">\n\t\t<div class=\"elementor-element elementor-element-efc05ff e-grid e-con-boxed e-con e-child\" data-id=\"efc05ff\" data-element_type=\"container\" data-e-type=\"container\">\n\t\t\t\t\t<div class=\"e-con-inner\">\n\t\t\t\t<div class=\"elementor-element elementor-element-1297207 elementor-widget elementor-widget-text-editor\" data-id=\"1297207\" data-element_type=\"widget\" data-e-type=\"widget\" id=\"Meldeschein-Anfahrtsbeschreibung\" data-widget_type=\"text-editor.default\">\n\t\t\t\t<div class=\"elementor-widget-container\">\n\t\t\t\t\t\t\t\t\t<h2>Registratieformulier<\/h2>\n<p>Om het voor u gemakkelijker te maken om u bij ons in te schrijven, hebben wij het door de gemeente Cochem vereiste inschrijfformulier hier in digitale vorm opgeslagen.<\/p>\n<p>U kunt het inschrijfformulier direct online invullen, uitprinten en op de dag van aankomst meenemen. U kunt het inschrijfformulier direct online invullen, uitprinten en meenemen op de dag van aankomst. Klik op de afbeelding van het aankomstformulier of <a title=\"naar het inschrijfformulier\" href=\"https:\/\/moselpension.de\/wp-content\/uploads\/2025\/09\/Meldeschein-2025.pdf\" target=\"_blank\" rel=\"noopener\">hier<\/a>.<\/p>\n<p><a href=\"https:\/\/moselpension.de\/wp-content\/uploads\/2023\/08\/Meldeschein-2023.pdf\" target=\"_blank\" rel=\"noopener\"><img fetchpriority=\"high\" decoding=\"async\" class=\"alignleft wp-image-5706 size-medium\" src=\"https:\/\/moselpension.de\/wp-content\/uploads\/2023\/08\/Meldeschein-2023-400x234.jpg\" alt=\"\" width=\"400\" height=\"234\" srcset=\"https:\/\/moselpension.de\/wp-content\/uploads\/2023\/08\/Meldeschein-2023-400x234.jpg 400w, https:\/\/moselpension.de\/wp-content\/uploads\/2023\/08\/Meldeschein-2023-1200x701.jpg 1200w, https:\/\/moselpension.de\/wp-content\/uploads\/2023\/08\/Meldeschein-2023-200x117.jpg 200w, https:\/\/moselpension.de\/wp-content\/uploads\/2023\/08\/Meldeschein-2023-768x449.jpg 768w, https:\/\/moselpension.de\/wp-content\/uploads\/2023\/08\/Meldeschein-2023-1536x897.jpg 1536w, https:\/\/moselpension.de\/wp-content\/uploads\/2023\/08\/Meldeschein-2023.jpg 1920w\" sizes=\"(max-width: 400px) 100vw, 400px\" \/><\/a><\/p>\n\t\t\t\t\t\t\t\t<\/div>\n\t\t\t\t<\/div>\n\t\t\t\t<div class=\"elementor-element elementor-element-ac0da1a elementor-widget elementor-widget-text-editor\" data-id=\"ac0da1a\" data-element_type=\"widget\" data-e-type=\"widget\" data-widget_type=\"text-editor.default\">\n\t\t\t\t<div class=\"elementor-widget-container\">\n\t\t\t\t\t\t\t\t\t<h2>Routebeschrijving<\/h2>\n<p><a href=\"https:\/\/moselpension.de\/wp-content\/uploads\/2024\/05\/anreisedurchfahrt_mai-2024.pdf\" target=\"_blank\" rel=\"noopener\"><img decoding=\"async\" class=\"alignnone wp-image- 3552 size-full\" title=\"Anfahrt Hotel Villa Tummelchen\" src=\"https:\/\/moselpension.de\/wp-content\/uploads\/2020\/05\/Flyer-Anfahrt-dl_portrait_6_fl-Druck-2.jpg\" alt=\"Routebeschrijving naar Hotel Villa Tummelchen\" width=\"2484\" height=\"1862\" \/><\/a><\/p>\n\t\t\t\t\t\t\t\t<\/div>\n\t\t\t\t<\/div>\n\t\t\t\t\t<\/div>\n\t\t\t\t<\/div>\n\t\t\t\t<div class=\"elementor-element elementor-element-ff405b0 elementor-align-right elementor-widget elementor-widget-button\" data-id=\"ff405b0\" data-element_type=\"widget\" data-e-type=\"widget\" data-widget_type=\"button.default\">\n\t\t\t\t<div class=\"elementor-widget-container\">\n\t\t\t\t\t\t\t\t\t<div class=\"elementor-button-wrapper\">\n\t\t\t\t\t<a class=\"elementor-button elementor-button-link elementor-size-sm\" href=\"https:\/\/moselpension.de\/wp-content\/uploads\/2024\/05\/anreisedurchfahrt_mai-2024.pdf\" target=\"_blank\" id=\"Anreisebeschreibung zum Download\">\n\t\t\t\t\t\t<span class=\"elementor-button-content-wrapper\">\n\t\t\t\t\t\t\t\t\t<span class=\"elementor-button-text\">Routebeschrijving om te downloaden<\/span>\n\t\t\t\t\t<\/span>\n\t\t\t\t\t<\/a>\n\t\t\t\t<\/div>\n\t\t\t\t\t\t\t\t<\/div>\n\t\t\t\t<\/div>\n\t\t<div class=\"elementor-element elementor-element-5926a58 e-grid e-con-boxed e-con e-child\" data-id=\"5926a58\" data-element_type=\"container\" data-e-type=\"container\">\n\t\t\t\t\t<div class=\"e-con-inner\">\n\t\t\t\t<div class=\"elementor-element elementor-element-20f013b elementor-widget elementor-widget-text-editor\" data-id=\"20f013b\" data-element_type=\"widget\" data-e-type=\"widget\" data-widget_type=\"text-editor.default\">\n\t\t\t\t<div class=\"elementor-widget-container\">\n\t\t\t\t\t\t\t\t\t<h3>Belangrijke opmerking voor gebruikers van navigatiesystemen en routeplanners<\/h3>\n<p class=\"rtejustify\">Je navigatiesysteem leidt je waarschijnlijk langs wegen die vanwege seizoensredenen gesloten zijn. Vul daarom niet het adres van ons huis in als bestemmingsadres, maar volg zeker de instructies voor het reizen met auto en motor, die u ook heeft, vindt u verderop op deze pagina. Anders wordt u wellicht op het verkeerde been gezet! Mocht u tijdens uw aankomst vragen hebben, dan helpt onze receptie u graag verder. <span style=\"kleur: #000000;\" data-mce-style=\"kleur: #000000;\"><a style=\"kleur: #000000;\" href=\"tel:+492671910520\" data-mce-href=\"tel:+492671910520\" data-mce-style=\"kleur: #000000;\">\u260e<\/a>&nbsp;<strong><a style=\"color: #000000;\" href=\"tel:00492671910520\" data-mce-href=\"tel:00492671910520\" data-mce-style=\"color: #000000;\">+49 (0) 2671 \u2013 910520<\/a><\/strong><\/span><\/p>\n\t\t\t\t\t\t\t\t<\/div>\n\t\t\t\t<\/div>\n\t\t\t\t<div class=\"elementor-element elementor-element-c21da32 elementor-widget elementor-widget-image\" data-id=\"c21da32\" data-element_type=\"widget\" data-e-type=\"widget\" data-widget_type=\"image.default\">\n\t\t\t\t<div class=\"elementor-widget-container\">\n\t\t\t\t\t\t\t\t\t\t\t\t\t\t\t\t<a href=\"\" target=\"_blank\">\n\t\t\t\t\t\t\t<img decoding=\"async\" width=\"300\" height=\"300\" src=\"https:\/\/moselpension.de\/wp-content\/uploads\/2024\/05\/Anfahrtbeschreibung-Mai-2024-qr-code-300x300.jpeg\" class=\"attachment-medium size-medium wp-image-6411\" alt=\"QR-code voor toegang tot routebeschrijving\" srcset=\"https:\/\/moselpension.de\/wp-content\/uploads\/2024\/05\/Anfahrtbeschreibung-Mai-2024-qr-code-300x300.jpeg 300w, https:\/\/moselpension.de\/wp-content\/uploads\/2024\/05\/Anfahrtbeschreibung-Mai-2024-qr-code-150x150.jpeg 150w, https:\/\/moselpension.de\/wp-content\/uploads\/2024\/05\/Anfahrtbeschreibung-Mai-2024-qr-code.jpeg 500w\" sizes=\"(max-width: 300px) 100vw, 300px\" \/>\t\t\t\t\t\t\t\t<\/a>\n\t\t\t\t\t\t\t\t\t\t\t\t\t\t\t<\/div>\n\t\t\t\t<\/div>\n\t\t\t\t\t<\/div>\n\t\t\t\t<\/div>\n\t\t\t\t\t<\/div>\n\t\t\t\t<\/div>\n\t\t\t\t\t<\/div>\n\t\t\t\t<\/div>\n\t\t<div class=\"elementor-element elementor-element-65c7ac4 e-grid e-con-boxed e-con e-child\" data-id=\"65c7ac4\" data-element_type=\"container\" data-e-type=\"container\">\n\t\t\t\t\t<div class=\"e-con-inner\">\n\t\t<div class=\"elementor-element elementor-element-6b80b4f e-grid e-con-boxed e-con e-child\" data-id=\"6b80b4f\" data-element_type=\"container\" data-e-type=\"container\">\n\t\t\t\t\t<div class=\"e-con-inner\">\n\t\t\t\t<div class=\"elementor-element elementor-element-1aa8701 elementor-widget elementor-widget-heading\" data-id=\"1aa8701\" data-element_type=\"widget\" data-e-type=\"widget\" id=\"Auto\" data-widget_type=\"heading.default\">\n\t\t\t\t<div class=\"elementor-widget-container\">\n\t\t\t\t\t<h2 class=\"elementor-heading-title elementor-size-default\">Aankomst per auto of fiets<\/h2>\t\t\t\t<\/div>\n\t\t\t\t<\/div>\n\t\t\t\t<div class=\"elementor-element elementor-element-87730c1 elementor-widget elementor-widget-text-editor\" data-id=\"87730c1\" data-element_type=\"widget\" data-e-type=\"widget\" data-widget_type=\"text-editor.default\">\n\t\t\t\t<div class=\"elementor-widget-container\">\n\t\t\t\t\t\t\t\t\t<p>Het middeleeuwse stadscentrum van Cochem is overdag een voetgangersgebied. De doorgang voor onze gasten is echter officieel goedgekeurd op de kortste en gemakkelijkste route:<br>U rijdt over de Moezelpromenade (B49) naar huisnummer 16a. Er is de cadeau- en theewinkel &#8220;Belmondo&#8221;. Hier rijdt u de Zollstra\u00dfe in<span style=\"color: #000000;\" data-mce-style=\"color: #000000;\">&nbsp;<a style=\"color: #000000;\" href=\"https:\/\/moselpension.de\/wp-content\/uploads\/2021\/02\/anreisedurchfahrt_-c.pdf\" target=\"_blank\" rel=\"noopener\" data-mce-href=\"https:\/\/moselpension.de\/wp-content\/uploads\/2021\/02\/anreisedurchfahrt_-c.pdf\" data-mce-style=\"color: #000000;\">(Goedkeuring van doorgang voor auto&#8217;s en motorfietsen)<\/a><\/span><span style=\"letter-spacing: 0.02em;\" data-mce-style=\"letter-spacing: 0.02em;\"><span style=\"color: #000000;\" data-mce-style=\"color: #000000;\">.<\/span> Na een paar meter steekt u de Herrenstra\u00dfe over en begint de Schlo\u00dfstra\u00dfe (in stijgende lijn ). Volg deze tot u na ongeveer 150 meter aan de rechterkant de ingang van Villa Tummelchen bereikt. Wij raden u aan om met uw auto achteruit onze oprit op te rijden<b style=\"letter-spacing: 0.02em;\" data-mce-style=\"letter-spacing: 0.02em;\">. <\/b><\/span><br><br>De parkeerplaatsen&nbsp;<span class=\"Y2IQFc\" lang=\"nl\">(tegen betaling)&nbsp;<\/span>bevinden zich boven ons huis en zijn beveiligd met paaltjes. Bij uw kamersleutel ontvangt u de sleutel van de bolders. Wanneer u ons begroet, zullen wij u de routebeschrijving naar de parkeerplaatsen en de korte wandeling terug naar ons huis uitleggen.<br><br><span style=\"letter-spacing: 0.02em;\" data-mce-style=\"letter-spacing: 0.02em;\">Indien u, tegen de verwachtingen in, de ingang van ons hotel niet kunt vinden, bel ons dan op het <b>telefoonnummer <\/b><\/span><span style=\"letter-spacing: 0.36px;\" data-mce-style=\"letter-spacing: 0.36px;\"><b>(+49 2671 910520)<\/b>. <\/span><span style=\"letter-spacing: 0.02em;\" data-mce-style=\"letter-spacing: 0.02em;\">Wij begeleiden u graag telefonisch vanaf de Moezelpromenade naar ons aan de Schlo\u00dfstra\u00dfe 22.<\/span><\/p><p><span style=\"letter-spacing: 0.36px;\" data-mce-style=\"letter-spacing: 0.36px;\">Gasten met fietsen zijn van harte welkom om deze veilig te parkeren en op te sluiten in de garage (gratis en afhankelijk van beschikbaarheid). <\/span><\/p>\t\t\t\t\t\t\t\t<\/div>\n\t\t\t\t<\/div>\n\t\t\t\t<div class=\"elementor-element elementor-element-8de6f62 elementor-widget elementor-widget-text-editor\" data-id=\"8de6f62\" data-element_type=\"widget\" data-e-type=\"widget\" data-widget_type=\"text-editor.default\">\n\t\t\t\t<div class=\"elementor-widget-container\">\n\t\t\t\t\t\t\t\t\t<p><span style=\"letter-spacing: 0.36px;\" data-mce-style=\"letter-spacing: 0.36px;\"><b>Batterijen opladen<\/b><\/span><\/p>\n\t\t\t\t\t\t\t\t<\/div>\n\t\t\t\t<\/div>\n\t\t<div class=\"elementor-element elementor-element-5172d2b e-grid e-con-boxed e-con e-child\" data-id=\"5172d2b\" data-element_type=\"container\" data-e-type=\"container\">\n\t\t\t\t\t<div class=\"e-con-inner\">\n\t\t\t\t<div class=\"elementor-element elementor-element-9d2cf68 elementor-widget elementor-widget-text-editor\" data-id=\"9d2cf68\" data-element_type=\"widget\" data-e-type=\"widget\" data-widget_type=\"text-editor.default\">\n\t\t\t\t<div class=\"elementor-widget-container\">\n\t\t\t\t\t\t\t\t\t<p><span style=\"letter-spacing: 0.36px;\"><img loading=\"lazy\" decoding=\"async\" class=\"wp-image-5508 alignleft\" src=\"https:\/\/moselpension.de\/wp-content\/uploads\/2023\/02\/Brandgefahr-339x300.png\" alt=\"\" width=\"92\" height=\"81\" srcset=\"https:\/\/moselpension.de\/wp-content\/uploads\/2023\/02\/Brandgefahr-339x300.png 339w, https:\/\/moselpension.de\/wp-content\/uploads\/2023\/02\/Brandgefahr-169x150.png 169w, https:\/\/moselpension.de\/wp-content\/uploads\/2023\/02\/Brandgefahr.png 500w\" sizes=\"(max-width: 92px) 100vw, 92px\" \/><\/span><\/p>\n<p><strong>Brandgevaar!<br \/>\n<\/strong><span style=\"letter-spacing: 0.36px;\">E-bike-accu&#8217;s worden alleen in onze garage opgeladen.<\/span><\/p>\n<p><span style=\"letter-spacing: 0.36px;\">Wanneer u batterijen in de kamer oplaadt, aanvaardt u aansprakelijkheid voor eventuele veroorzaakte schade.<\/span><\/p>\n\t\t\t\t\t\t\t\t<\/div>\n\t\t\t\t<\/div>\n\t\t\t\t<div class=\"elementor-element elementor-element-58f96d6 elementor-widget elementor-widget-text-editor\" data-id=\"58f96d6\" data-element_type=\"widget\" data-e-type=\"widget\" data-widget_type=\"text-editor.default\">\n\t\t\t\t<div class=\"elementor-widget-container\">\n\t\t\t\t\t\t\t\t\t<p><span style=\"letter-spacing: 0.36px;\"><img loading=\"lazy\" decoding=\"async\" class=\"alignleft wp-image-1426 size-full\" src=\"https:\/\/moselpension.de\/wp-content\/uploads\/2018\/10\/pedelec-1270881-75x75.jpg\" alt=\"Symbool\" width=\"75\" height=\"75\" \/> Accu&#8217;s voor e-bikes worden uitsluitend in de garage opgeslagen en opgeladen.<\/span><\/p>\n\t\t\t\t\t\t\t\t<\/div>\n\t\t\t\t<\/div>\n\t\t\t\t\t<\/div>\n\t\t\t\t<\/div>\n\t\t\t\t\t<\/div>\n\t\t\t\t<\/div>\n\t\t\t\t\t<\/div>\n\t\t\t\t<\/div>\n\t\t\t\t\t<\/div>\n\t\t\t\t<\/div>\n\t\t<div class=\"elementor-element elementor-element-c2db793 e-flex e-con-boxed e-con e-parent\" data-id=\"c2db793\" data-element_type=\"container\" data-e-type=\"container\">\n\t\t\t\t\t<div class=\"e-con-inner\">\n\t\t<div class=\"elementor-element elementor-element-b4a5487 e-con-full e-flex e-con e-child\" data-id=\"b4a5487\" data-element_type=\"container\" data-e-type=\"container\">\n\t\t\t\t<div class=\"elementor-element elementor-element-ec78b13 elementor-widget elementor-widget-heading\" data-id=\"ec78b13\" data-element_type=\"widget\" data-e-type=\"widget\" id=\"Motorrad\" data-widget_type=\"heading.default\">\n\t\t\t\t<div class=\"elementor-widget-container\">\n\t\t\t\t\t<h2 class=\"elementor-heading-title elementor-size-default\">Aankomst per motor<\/h2>\t\t\t\t<\/div>\n\t\t\t\t<\/div>\n\t\t\t\t<div class=\"elementor-element elementor-element-411adc3 elementor-widget elementor-widget-text-editor\" data-id=\"411adc3\" data-element_type=\"widget\" data-e-type=\"widget\" data-widget_type=\"text-editor.default\">\n\t\t\t\t<div class=\"elementor-widget-container\">\n\t\t\t\t\t\t\t\t\t<div class=\"h1frame\">\n<div><b>Bewezen tip:<\/b> Wij adviseren fietsers in het bijzonder en <strong>uitdrukkelijk<\/strong> om ons huis \u201cvan bovenaf\u201d te benaderen.<\/div>\n<div>\n<p>Voor motorrijders is het makkelijker om ons erf te betreden als ze van \u2018boven\u2019 komen.<br \/>Ingang in de Zollstrasse &#8211; uitbreiding in de Schlo\u00dfstrasse, volg de weg langs Villa Tummelchen naar het terrascaf\u00e9 Schlo\u00dfbergcafe.<br \/>Hier heeft u een goede gelegenheid om om te keren en van bovenaf door de Schlo\u00dfstra\u00dfe te rijden naar de ingang van de binnenplaats van Villa Tummelchen.<\/p>\n<p><span style=\"kleur: #000000;\" data-mce-style=\"kleur: #000000;\"><a style=\"kleur: #000000;\" href=\"https:\/\/moselpension.de\/wp-content\/uploads\/2020\/05\/anreisedurchfahrt_b.pdf\" target=\"_blank\" rel=\"noopener\" data-mce-href=\"https:\/\/moselpension.de\/wp-content\/uploads\/2020\/05\/anreisedurchfahrt_b.pdf\" data-mce-style=\"kleur: #000000;\">Routebeschrijving<\/a><\/span><\/p>\n<p>De GPS-co\u00f6rdinaten van ons huis:<br \/><span style=\"letter-spacing: 0.02em;\" data-mce-style=\"letter-spacing: 0.02em;\">Decimale graden: N 50.143579 &#8211; E 7.165912<\/span><i style=\"letter-spacing: 0.02em;\" data-mce-style=\"letter-spacing: 0.02em;\">(formaat \u201cDD.DDD \u201d)<i style=\"letter-spacing: 0.02em;\" data-mce-style=\"letter-spacing: 0.02em;\"> i&gt;<span style=\"letter-spacing: 0.02em;\" data-mce-style=\"letter-spacing: 0.02em;\">&nbsp;graden, minuten decimaal: N 50\u00b008.614&#8242; &#8211; E 07\u00b009.954&#8242;&nbsp;<\/span><i style=\"letter-spacing: 0.02 em;\" data-mce-style=\"letter-spacing: 0.02 em;\"> (formaat &#8220;DD MM.MMM&#8221;)<\/i><span style=\"letter-spacing: 0.02em;\" data-mce-style=\"letter-spacing: 0.02em;\">&nbsp;Graden, minuten, seconden: N 50\u00b008&#8217;36.88&#8243; &#8211; E 07\u00b0 09&#8217;57.28&#8243;&lt;\/ span&gt;<i style=\"letter-spacing: 0.02em;\" data-mce-style=\"letter-spacing: 0.02em;\">(formaat \u201cDD MM SS\u201d)<\/i><\/span><\/i><\/i><\/p>\n<\/div>\n<\/div>\n\t\t\t\t\t\t\t\t<\/div>\n\t\t\t\t<\/div>\n\t\t\t\t<div class=\"elementor-element elementor-element-42f8fbd elementor-widget elementor-widget-text-editor\" data-id=\"42f8fbd\" data-element_type=\"widget\" data-e-type=\"widget\" data-widget_type=\"text-editor.default\">\n\t\t\t\t<div class=\"elementor-widget-container\">\n\t\t\t\t\t\t\t\t\t<p><strong>Parkeren<br \/><\/strong>Parkeermogelijkheden voor motorfietsen zijn in de garage (gratis en afhankelijk van beschikbaarheid) of in de tuin met videobewaking.<\/p>\n\t\t\t\t\t\t\t\t<\/div>\n\t\t\t\t<\/div>\n\t\t\t\t<div class=\"elementor-element elementor-element-b1c9f36 elementor-widget elementor-widget-heading\" data-id=\"b1c9f36\" data-element_type=\"widget\" data-e-type=\"widget\" id=\"Reisegep\u00e4ck\" data-widget_type=\"heading.default\">\n\t\t\t\t<div class=\"elementor-widget-container\">\n\t\t\t\t\t<h2 class=\"elementor-heading-title elementor-size-default\">Service voor al uw bagage<\/h2>\t\t\t\t<\/div>\n\t\t\t\t<\/div>\n\t\t\t\t<div class=\"elementor-element elementor-element-3fec199 elementor-widget elementor-widget-text-editor\" data-id=\"3fec199\" data-element_type=\"widget\" data-e-type=\"widget\" data-widget_type=\"text-editor.default\">\n\t\t\t\t<div class=\"elementor-widget-container\">\n\t\t\t\t\t\t\t\t\t<p>U bent van harte welkom om uw bagage <span style=\"letter-spacing: 0.36px;\">e<\/span><span style=\"letter-spacing: 0.36px;\">b.v. B.<\/span><span style=\"letter-spacing: 0.02em;\">naar ons sturen via een deur-tot-deur bagageservice , brengen wij uw bagage graag naar het postkantoor om deze op uw reis naar huis terug te geven. <\/span><\/p>\n<p><span style=\"letter-spacing: 0.02em;\">Voor toerfietsers kunnen wij de bagagetransfer van de vorige of naar de volgende bestemming organiseren. Controleer of het voor u goedkoper is om uw bagage te verzenden in plaats van deze in te checken als duur extra bagagestuk. De prijzen van het postkantoor en Hermes kunt u vergelijken op de volgende pagina&#8217;s:<\/span><\/p>\n<p><span style=\"letter-spacing: 0.02em;\"><a href=\"https:\/\/moselpension.de\/wp-content\/uploads\/2018\/04\/luggage-1968644-1200x700-e1528986742568.png\"> <img loading=\"lazy\" decoding=\"async\" width=\"200\" height=\"129\" class=\"size-thumbnail wp-image-1158 alignleft\" src=\"https:\/\/moselpension.de\/wp-content\/uploads\/2018\/04\/luggage-1968644-1200x700-200x129.png\" alt=\"\" \/><\/a><\/span><\/p>\n<ul style=\"overflow: zichtbaar; achtergrondafbeelding: initi\u00eble; achtergrondpositie: 0px 0px; achtergrondgrootte: initi\u00eble; achtergrondherhaling: initi\u00eble; achtergrondbijlage: initi\u00eble; achtergrondoorsprong: initi\u00eble; achtergrondclip: initi\u00eble; kleur: #323b3d; lettertypefamilie: Arial, Helvetica, letterafstand: 0,36px;\">\n<li style=\"padding-left: 0px; achtergrond: 0px 0px; margin-left: 0px; list-style: inherit;\"><span style=\"color: #000000;\"><a style=\"transition-property: alles; kleur: #000000;\" href=\"https:\/\/www.myhermes.de\/wps\/portal\/paket\/Home\/privatkunden\/versenden\/koffer\">Hermes bagage- en fietsverzending<\/a><\/span><\/li>\n<li style=\"padding-left: 0px; achtergrond: 0px 0px; margin-left: 0px; list-style: inherit;\"><span style=\"color: #000000;\"><a style=\"transition-property: alles; kleur: #000000;\" href=\"https:\/\/www.dhl.de\/de\/paket\/pakete-versenden\/deutschlandweit-versenden\/reisegepaeck.html\">Verzending van bagage en fietsen per post<\/a><\/span><\/li>\n<\/ul>\n\t\t\t\t\t\t\t\t<\/div>\n\t\t\t\t<\/div>\n\t\t\t\t<div class=\"elementor-element elementor-element-00666b1 elementor-widget elementor-widget-heading\" data-id=\"00666b1\" data-element_type=\"widget\" data-e-type=\"widget\" id=\"DB\" data-widget_type=\"heading.default\">\n\t\t\t\t<div class=\"elementor-widget-container\">\n\t\t\t\t\t<h2 class=\"elementor-heading-title elementor-size-default\">Aankomst met Deutsche Bahn<\/h2>\t\t\t\t<\/div>\n\t\t\t\t<\/div>\n\t\t\t\t<div class=\"elementor-element elementor-element-192d5e4 elementor-widget elementor-widget-text-editor\" data-id=\"192d5e4\" data-element_type=\"widget\" data-e-type=\"widget\" data-widget_type=\"text-editor.default\">\n\t\t\t\t<div class=\"elementor-widget-container\">\n\t\t\t\t\t\t\t\t\t<p>Cochem ligt aan de spoorlijn Koblenz &#8211; Trier, met haltes van ICE, InterCity, RegionalExpress en RegionalBahn. Er zijn doorgaande treinen, bijvoorbeeld: B. ook van\/naar Berlijn, Bonn, Dortmund, D\u00fcsseldorf, Essen, Hannover, Keulen, Keulen\/Bonn Airport, Luxemburg, M\u00fcnster, Norddeich, Saarbr\u00fccken.<\/p><p>Je treinreis naar Cochem (Moezel) boek je via<span style=\"color: #000000;\" data-mce-style=\"color: #000000;\">&nbsp;<strong><a style=\"color: #000000;\" href=\"https:\/\/www.bahn.de\/p\/view\/index.shtml\" target=\"_blank\" rel=\"noopener\" data-mce-href=\"https:\/\/www.bahn.de\/p\/view\/index.shtml\" data-mce-style=\"color: #000000;\">www.bahn.de<\/a>&nbsp;<\/strong><\/span>boek . Wij raden onze gasten uit landen buiten Europa de EurailPass van RAILEUROPE\u2122 aan voor hun reis door Europa. Met de Eurailpass kunt u onverslaanbaar goedkoop reizen. Gedetailleerde informatie vindt u op de RAILEUROPE\u2122-startpagina.<\/p><p>Na aankomst vindt u een taxistandplaats bij de uitgang van het treinstation van Cochem. Wilt u opgehaald worden van het treinstation, neem dan vooraf contact op met het taxibedrijf via +49 2671 8080. Dit geldt ook voor de terugreis bij vertrek.<\/p>\t\t\t\t\t\t\t\t<\/div>\n\t\t\t\t<\/div>\n\t\t\t\t<div class=\"elementor-element elementor-element-bfd5db4 elementor-widget elementor-widget-heading\" data-id=\"bfd5db4\" data-element_type=\"widget\" data-e-type=\"widget\" id=\"Flugzeug\" data-widget_type=\"heading.default\">\n\t\t\t\t<div class=\"elementor-widget-container\">\n\t\t\t\t\t<h2 class=\"elementor-heading-title elementor-size-default\">Aankomst per vliegtuig<\/h2>\t\t\t\t<\/div>\n\t\t\t\t<\/div>\n\t\t\t\t<div class=\"elementor-element elementor-element-9f5da87 elementor-widget elementor-widget-text-editor\" data-id=\"9f5da87\" data-element_type=\"widget\" data-e-type=\"widget\" data-widget_type=\"text-editor.default\">\n\t\t\t\t<div class=\"elementor-widget-container\">\n\t\t\t\t\t\t\t\t\t<p>Zeer dichtbij (43 km) bij Cochem ligt de Hunsr\u00fcck Airport Frankfurt-Hahn, momenteel beroemd om zijn goedkope vluchten met Ryanair en andere goedkope luchtvaartmaatschappijen.<br \/>Maar ook vier belangrijke internationale luchthavens liggen niet ver weg: Keulen-Bonn (110 km), Luxemburg (130 km), Frankfurt Rhein-Main (144 km) en D\u00fcsseldorf (159 km).<\/p>\n<p>De AirportShuttle Mosel rijdt van vliegveld Hahn naar Cochem. Vanaf de andere luchthavens kunt u Cochem bereiken met de trein of huurauto. Vraag advies aan uw reisbureau.<\/p>\n<p>Als u met het vliegtuig naar de luchthaven Frankfurt Hahn reist, geven wij u gedetailleerde informatie over de pendeldienst van de luchthaven naar Cochem.<\/p>\n\t\t\t\t\t\t\t\t<\/div>\n\t\t\t\t<\/div>\n\t\t\t\t<\/div>\n\t\t\t\t\t<\/div>\n\t\t\t\t<\/div>\n\t\t\t\t<\/div>\n\t\t","protected":false},"excerpt":{"rendered":"<p>Aankomst Registratieformulier Om het voor u gemakkelijker te maken om u bij ons in te schrijven, hebben wij het door de gemeente Cochem vereiste inschrijfformulier hier in digitale vorm opgeslagen. U kunt het inschrijfformulier direct online invullen, uitprinten en op de dag van aankomst meenemen. U kunt het inschrijfformulier direct online invullen, uitprinten en meenemen [&hellip;]<\/p>\n","protected":false},"author":2,"featured_media":0,"parent":0,"menu_order":0,"comment_status":"closed","ping_status":"closed","template":"","meta":{"footnotes":""},"class_list":["post-2630","page","type-page","status-publish","hentry"],"aioseo_notices":[],"_links":{"self":[{"href":"https:\/\/moselpension.de\/nl\/wp-json\/wp\/v2\/pages\/2630","targetHints":{"allow":["GET"]}}],"collection":[{"href":"https:\/\/moselpension.de\/nl\/wp-json\/wp\/v2\/pages"}],"about":[{"href":"https:\/\/moselpension.de\/nl\/wp-json\/wp\/v2\/types\/page"}],"author":[{"embeddable":true,"href":"https:\/\/moselpension.de\/nl\/wp-json\/wp\/v2\/users\/2"}],"replies":[{"embeddable":true,"href":"https:\/\/moselpension.de\/nl\/wp-json\/wp\/v2\/comments?post=2630"}],"version-history":[{"count":40,"href":"https:\/\/moselpension.de\/nl\/wp-json\/wp\/v2\/pages\/2630\/revisions"}],"predecessor-version":[{"id":7058,"href":"https:\/\/moselpension.de\/nl\/wp-json\/wp\/v2\/pages\/2630\/revisions\/7058"}],"wp:attachment":[{"href":"https:\/\/moselpension.de\/nl\/wp-json\/wp\/v2\/media?parent=2630"}],"curies":[{"name":"wp","href":"https:\/\/api.w.org\/{rel}","templated":true}]}}