{"id":2640,"date":"2019-01-31T11:45:40","date_gmt":"2019-01-31T10:45:40","guid":{"rendered":"https:\/\/moselpension.de\/ruimte\/familiekamer\/"},"modified":"2025-10-08T10:09:59","modified_gmt":"2025-10-08T08:09:59","slug":"familiekamer","status":"publish","type":"page","link":"https:\/\/moselpension.de\/nl\/ruimte\/familiekamer\/","title":{"rendered":"Familiekamer"},"content":{"rendered":"\t\t<div data-elementor-type=\"wp-post\" data-elementor-id=\"2640\" class=\"elementor elementor-2640 elementor-1091\" data-elementor-post-type=\"page\">\n\t\t\t\t<div class=\"elementor-element elementor-element-33289c0 e-con-full e-flex e-con e-parent\" data-id=\"33289c0\" data-element_type=\"container\" data-e-type=\"container\">\n\t\t<div class=\"elementor-element elementor-element-94fe8a0 e-con-full e-flex e-con e-child\" data-id=\"94fe8a0\" data-element_type=\"container\" data-e-type=\"container\">\n\t\t\t\t<div class=\"elementor-element elementor-element-390dfd3 elementor--h-position-center elementor--v-position-middle elementor-arrows-position-inside elementor-pagination-position-inside elementor-widget elementor-widget-slides\" data-id=\"390dfd3\" data-element_type=\"widget\" data-e-type=\"widget\" data-settings=\"{&quot;transition&quot;:&quot;fade&quot;,&quot;transition_speed&quot;:5000,&quot;navigation&quot;:&quot;both&quot;,&quot;autoplay&quot;:&quot;yes&quot;,&quot;pause_on_hover&quot;:&quot;yes&quot;,&quot;pause_on_interaction&quot;:&quot;yes&quot;,&quot;autoplay_speed&quot;:5000,&quot;infinite&quot;:&quot;yes&quot;}\" data-widget_type=\"slides.default\">\n\t\t\t\t<div class=\"elementor-widget-container\">\n\t\t\t\t\t\t\t\t\t<div class=\"elementor-swiper\">\n\t\t\t\t\t<div class=\"elementor-slides-wrapper elementor-main-swiper swiper\" role=\"region\" aria-roledescription=\"carousel\" aria-label=\"Slider\" dir=\"ltr\" data-animation=\"fadeInUp\">\n\t\t\t\t<div class=\"swiper-wrapper elementor-slides\">\n\t\t\t\t\t\t\t\t\t\t<div class=\"elementor-repeater-item-fb8c7fa swiper-slide\" role=\"group\" aria-roledescription=\"slide\"><div class=\"swiper-slide-bg elementor-ken-burns elementor-ken-burns--in\" role=\"img\" aria-label=\"_MG_3035-HDR-9\"><\/div><div class=\"swiper-slide-inner\" ><div class=\"swiper-slide-contents\"><\/div><\/div><\/div><div class=\"elementor-repeater-item-a93514b swiper-slide\" role=\"group\" aria-roledescription=\"slide\"><div class=\"swiper-slide-bg elementor-ken-burns elementor-ken-burns--in\" role=\"img\" aria-label=\"_MG_3142-HDR-23\"><\/div><div class=\"swiper-slide-inner\" ><div class=\"swiper-slide-contents\"><\/div><\/div><\/div><div class=\"elementor-repeater-item-c572820 swiper-slide\" role=\"group\" aria-roledescription=\"slide\"><div class=\"swiper-slide-bg elementor-ken-burns elementor-ken-burns--in\" role=\"img\" aria-label=\"Reichsburg im Fr\u00fchling\"><\/div><div class=\"swiper-slide-inner\" ><div class=\"swiper-slide-contents\"><\/div><\/div><\/div><div class=\"elementor-repeater-item-5e6767f swiper-slide\" role=\"group\" aria-roledescription=\"slide\"><div class=\"swiper-slide-bg elementor-ken-burns elementor-ken-burns--in\" role=\"img\" aria-label=\"_MG_3044-HDR 1900x900\"><\/div><div class=\"swiper-slide-inner\" ><div class=\"swiper-slide-contents\"><\/div><\/div><\/div>\t\t\t\t<\/div>\n\t\t\t\t\t\t\t\t\t\t\t\t\t\t\t<div class=\"elementor-swiper-button elementor-swiper-button-prev\" role=\"button\" tabindex=\"0\" aria-label=\"Vorige slide\">\n\t\t\t\t\t\t\t<i aria-hidden=\"true\" class=\"eicon-chevron-left\"><\/i>\t\t\t\t\t\t<\/div>\n\t\t\t\t\t\t<div class=\"elementor-swiper-button elementor-swiper-button-next\" role=\"button\" tabindex=\"0\" aria-label=\"Volgende slide\">\n\t\t\t\t\t\t\t<i aria-hidden=\"true\" class=\"eicon-chevron-right\"><\/i>\t\t\t\t\t\t<\/div>\n\t\t\t\t\t\t\t\t\t\t\t\t\t\t\t\t<div class=\"swiper-pagination\"><\/div>\n\t\t\t\t\t\t\t\t\t\t\t\t<\/div>\n\t\t\t\t<\/div>\n\t\t\t\t\t\t\t\t<\/div>\n\t\t\t\t<\/div>\n\t\t\t\t<\/div>\n\t\t\t\t<\/div>\n\t\t<div class=\"elementor-element elementor-element-2db8482 e-flex e-con-boxed e-con e-parent\" data-id=\"2db8482\" data-element_type=\"container\" data-e-type=\"container\">\n\t\t\t\t\t<div class=\"e-con-inner\">\n\t\t<div class=\"elementor-element elementor-element-ad8f95f e-con-full e-flex e-con e-child\" data-id=\"ad8f95f\" data-element_type=\"container\" data-e-type=\"container\" data-settings=\"{&quot;background_background&quot;:&quot;classic&quot;}\">\n\t\t\t\t<div class=\"elementor-element elementor-element-c549d08 elementor-widget elementor-widget-text-editor\" data-id=\"c549d08\" data-element_type=\"widget\" data-e-type=\"widget\" data-widget_type=\"text-editor.default\">\n\t\t\t\t<div class=\"elementor-widget-container\">\n\t\t\t\t\t\t\t\t\t<h1 style=\"text-align: center;\">Comfort Familiekamer (maximaal 6 personen)<\/h1>\n<p>Familiekamer, ca. 50 m\u00b2, met uitzicht op de sprookjesachtige historische Reichsburg en het platteland. De kamer bestaat uit twee aparte gastenkamers en een \u201csnurkkamer\u201d (ca. 6,5 m\u00b2) en twee aparte badkamers met douche. Het beschikt over een 26-inch flatscreen-tv en gratis snelle WiFi.<\/p>\n<p>Alle kamers zijn rookvrij!<\/p>\n\t\t\t\t\t\t\t\t<\/div>\n\t\t\t\t<\/div>\n\t\t\t\t<div class=\"elementor-element elementor-element-daeaed6 elementor-button-success elementor-align-right elementor-widget elementor-widget-button\" data-id=\"daeaed6\" data-element_type=\"widget\" data-e-type=\"widget\" data-widget_type=\"button.default\">\n\t\t\t\t<div class=\"elementor-widget-container\">\n\t\t\t\t\t\t\t\t\t<div class=\"elementor-button-wrapper\">\n\t\t\t\t\t<a class=\"elementor-button elementor-button-link elementor-size-lg\" href=\"https:\/\/S002346.officialbookings.com\/room\/K6Z\" target=\"_blank\">\n\t\t\t\t\t\t<span class=\"elementor-button-content-wrapper\">\n\t\t\t\t\t\t\t\t\t<span class=\"elementor-button-text\">Boek hier<\/span>\n\t\t\t\t\t<\/span>\n\t\t\t\t\t<\/a>\n\t\t\t\t<\/div>\n\t\t\t\t\t\t\t\t<\/div>\n\t\t\t\t<\/div>\n\t\t\t\t<div class=\"elementor-element elementor-element-290c77a elementor-widget elementor-widget-text-editor\" data-id=\"290c77a\" data-element_type=\"widget\" data-e-type=\"widget\" data-widget_type=\"text-editor.default\">\n\t\t\t\t<div class=\"elementor-widget-container\">\n\t\t\t\t\t\t\t\t\t<p><strong>Kamerdetails<\/strong><\/p>\n<ul>\n<li>Totale bezetting: 6 personen<\/li>\n<li>Uitzicht: op de Reichsburg en het platteland<\/li>\n<li>Grootte : 50 m\u00b2<\/li>\n<li>Bedden:\n<ul>\n<li>Tweepersoonsbed 180 x 200 cm<\/li>\n<li>2 eenpersoonsbedden<\/li>\n<li>2 badkamers<\/li>\n<p>&lt;\/ul &gt;&lt;\/li &gt;<\/p>\n<li>Gratis wifi<\/li>\n<li>Satelliet-tv<\/li>\n<li>Verduisteringsoptie<\/li>\n<\/ul>\n<p><strong>Kamerfaciliteiten<\/strong><\/p>\n<p>Inrichting van massief hout met lichte houttint, openslaande ramen, telefoon met mogelijke wake-up call, leeslampjes, wandspiegel, 26 inch LCD flatscreen TV (ge\u00efntegreerde radio) met satellietontvangst &amp; afstandsbediening, zenderlijst, digitale gastenlijst, via WLAN met uw eigen apparaat, met informatie over het hotel en regionale excursiebestemmingen, gratis snelle WiFi<\/li>\n<p><\/ul>\n\t\t\t\t\t\t\t\t<\/div>\n\t\t\t\t<\/div>\n\t\t<div class=\"elementor-element elementor-element-c1feb02 e-grid e-con-boxed e-con e-child\" data-id=\"c1feb02\" data-element_type=\"container\" data-e-type=\"container\">\n\t\t\t\t\t<div class=\"e-con-inner\">\n\t\t\t\t<div class=\"elementor-element elementor-element-bb63c35 elementor-widget elementor-widget-text-editor\" data-id=\"bb63c35\" data-element_type=\"widget\" data-e-type=\"widget\" data-widget_type=\"text-editor.default\">\n\t\t\t\t<div class=\"elementor-widget-container\">\n\t\t\t\t\t\t\t\t\t<p><strong>Badkameruitrusting<\/strong><\/p>\n<p>Toilet, douche, wastafel, hotelf\u00f6hn, haar- en lichaamsshampoo, gezichtsdoekjes, hygi\u00ebnezakje, handdoek, douchedoek, badjas (op aanvraag). Afhankelijk van de kamer kan de inrichting enigszins vari\u00ebren!<\/p>\n\t\t\t\t\t\t\t\t<\/div>\n\t\t\t\t<\/div>\n\t\t\t\t<div class=\"elementor-element elementor-element-4a4a5b0 elementor-widget elementor-widget-image\" data-id=\"4a4a5b0\" data-element_type=\"widget\" data-e-type=\"widget\" data-widget_type=\"image.default\">\n\t\t\t\t<div class=\"elementor-widget-container\">\n\t\t\t\t\t\t\t\t\t\t\t\t\t\t\t<img fetchpriority=\"high\" decoding=\"async\" width=\"533\" height=\"800\" src=\"https:\/\/moselpension.de\/wp-content\/uploads\/2020\/06\/MG_3130-HDR.jpg\" class=\"attachment-full size-full wp-image-3744\" alt=\"\" srcset=\"https:\/\/moselpension.de\/wp-content\/uploads\/2020\/06\/MG_3130-HDR.jpg 533w, https:\/\/moselpension.de\/wp-content\/uploads\/2020\/06\/MG_3130-HDR-200x300.jpg 200w, https:\/\/moselpension.de\/wp-content\/uploads\/2020\/06\/MG_3130-HDR-100x150.jpg 100w\" sizes=\"(max-width: 533px) 100vw, 533px\" \/>\t\t\t\t\t\t\t\t\t\t\t\t\t\t\t<\/div>\n\t\t\t\t<\/div>\n\t\t\t\t\t<\/div>\n\t\t\t\t<\/div>\n\t\t\t\t<div class=\"elementor-element elementor-element-acb31d2 elementor-widget elementor-widget-image\" data-id=\"acb31d2\" data-element_type=\"widget\" data-e-type=\"widget\" data-widget_type=\"image.default\">\n\t\t\t\t<div class=\"elementor-widget-container\">\n\t\t\t\t\t\t\t\t\t\t\t\t\t\t\t\t<a href=\"https:\/\/www.outdooractive.com\/\">\n\t\t\t\t\t\t\t<img decoding=\"async\" src=\"https:\/\/moselpension.de\/wp-content\/uploads\/elementor\/thumbs\/mosel-486565-1000x750-qnr8u06wigpsygs6yc1gfq2i13fgivgnhocc0b3n2g.jpg\" title=\"Moezeldal\" alt=\"Moezel\" loading=\"lazy\" \/>\t\t\t\t\t\t\t\t<\/a>\n\t\t\t\t\t\t\t\t\t\t\t\t\t\t\t<\/div>\n\t\t\t\t<\/div>\n\t\t\t\t<\/div>\n\t\t\t\t\t<\/div>\n\t\t\t\t<\/div>\n\t\t\t\t<\/div>\n\t\t","protected":false},"excerpt":{"rendered":"<p>Comfort Familiekamer (maximaal 6 personen) Familiekamer, ca. 50 m\u00b2, met uitzicht op de sprookjesachtige historische Reichsburg en het platteland. De kamer bestaat uit twee aparte gastenkamers en een \u201csnurkkamer\u201d (ca. 6,5 m\u00b2) en twee aparte badkamers met douche. Het beschikt over een 26-inch flatscreen-tv en gratis snelle WiFi. Alle kamers zijn rookvrij! Boek hier Kamerdetails [&hellip;]<\/p>\n","protected":false},"author":2,"featured_media":0,"parent":2632,"menu_order":0,"comment_status":"closed","ping_status":"closed","template":"","meta":{"footnotes":""},"class_list":["post-2640","page","type-page","status-publish","hentry"],"aioseo_notices":[],"_links":{"self":[{"href":"https:\/\/moselpension.de\/nl\/wp-json\/wp\/v2\/pages\/2640","targetHints":{"allow":["GET"]}}],"collection":[{"href":"https:\/\/moselpension.de\/nl\/wp-json\/wp\/v2\/pages"}],"about":[{"href":"https:\/\/moselpension.de\/nl\/wp-json\/wp\/v2\/types\/page"}],"author":[{"embeddable":true,"href":"https:\/\/moselpension.de\/nl\/wp-json\/wp\/v2\/users\/2"}],"replies":[{"embeddable":true,"href":"https:\/\/moselpension.de\/nl\/wp-json\/wp\/v2\/comments?post=2640"}],"version-history":[{"count":12,"href":"https:\/\/moselpension.de\/nl\/wp-json\/wp\/v2\/pages\/2640\/revisions"}],"predecessor-version":[{"id":6811,"href":"https:\/\/moselpension.de\/nl\/wp-json\/wp\/v2\/pages\/2640\/revisions\/6811"}],"up":[{"embeddable":true,"href":"https:\/\/moselpension.de\/nl\/wp-json\/wp\/v2\/pages\/2632"}],"wp:attachment":[{"href":"https:\/\/moselpension.de\/nl\/wp-json\/wp\/v2\/media?parent=2640"}],"curies":[{"name":"wp","href":"https:\/\/api.w.org\/{rel}","templated":true}]}}