{"id":2643,"date":"2019-01-31T11:48:41","date_gmt":"2019-01-31T10:48:41","guid":{"rendered":"https:\/\/moselpension.de\/ruimte\/panorama-tweepersoonskamer-met-balkon-en-uitzicht-op-kasteel\/"},"modified":"2024-05-03T08:05:55","modified_gmt":"2024-05-03T06:05:55","slug":"panorama-tweepersoonskamer-met-balkon-en-uitzicht-op-kasteel","status":"publish","type":"page","link":"https:\/\/moselpension.de\/nl\/ruimte\/panorama-tweepersoonskamer-met-balkon-en-uitzicht-op-kasteel\/","title":{"rendered":"Panorama tweepersoonskamer met balkon en uitzicht op kasteel"},"content":{"rendered":"\t\t<div data-elementor-type=\"wp-post\" data-elementor-id=\"2643\" class=\"elementor elementor-2643 elementor-1108\" data-elementor-post-type=\"page\">\n\t\t\t\t<div class=\"elementor-element elementor-element-3eeb5eb e-con-full e-flex e-con e-parent\" data-id=\"3eeb5eb\" data-element_type=\"container\" data-e-type=\"container\">\n\t\t<div class=\"elementor-element elementor-element-a0dd88b e-con-full e-flex e-con e-child\" data-id=\"a0dd88b\" data-element_type=\"container\" data-e-type=\"container\">\n\t\t\t\t<div class=\"elementor-element elementor-element-7c4e91c elementor--h-position-center elementor--v-position-middle elementor-arrows-position-inside elementor-pagination-position-inside elementor-widget elementor-widget-slides\" data-id=\"7c4e91c\" data-element_type=\"widget\" data-e-type=\"widget\" data-settings=\"{&quot;transition&quot;:&quot;fade&quot;,&quot;transition_speed&quot;:5000,&quot;navigation&quot;:&quot;both&quot;,&quot;autoplay&quot;:&quot;yes&quot;,&quot;pause_on_hover&quot;:&quot;yes&quot;,&quot;pause_on_interaction&quot;:&quot;yes&quot;,&quot;autoplay_speed&quot;:5000,&quot;infinite&quot;:&quot;yes&quot;}\" data-widget_type=\"slides.default\">\n\t\t\t\t<div class=\"elementor-widget-container\">\n\t\t\t\t\t\t\t\t\t<div class=\"elementor-swiper\">\n\t\t\t\t\t<div class=\"elementor-slides-wrapper elementor-main-swiper swiper\" role=\"region\" aria-roledescription=\"carousel\" aria-label=\"Slides\" dir=\"ltr\" data-animation=\"fadeInUp\">\n\t\t\t\t<div class=\"swiper-wrapper elementor-slides\">\n\t\t\t\t\t\t\t\t\t\t<div class=\"elementor-repeater-item-4cc1bb1 swiper-slide\" role=\"group\" aria-roledescription=\"slide\"><div class=\"swiper-slide-bg elementor-ken-burns elementor-ken-burns--in\" role=\"img\" aria-label=\"_MG_2703-HDR-2\"><\/div><div class=\"swiper-slide-inner\" ><div class=\"swiper-slide-contents\"><\/div><\/div><\/div><div class=\"elementor-repeater-item-6af7c1a swiper-slide\" role=\"group\" aria-roledescription=\"slide\"><div class=\"swiper-slide-bg elementor-ken-burns elementor-ken-burns--out\" role=\"img\" aria-label=\"_MG_2720-HDR-3\"><\/div><div class=\"swiper-slide-inner\" ><div class=\"swiper-slide-contents\"><\/div><\/div><\/div><div class=\"elementor-repeater-item-a29df86 swiper-slide\" role=\"group\" aria-roledescription=\"slide\"><div class=\"swiper-slide-bg elementor-ken-burns elementor-ken-burns--in\" role=\"img\" aria-label=\"Panoramablick \u00fcber Cochem\"><\/div><div class=\"swiper-slide-inner\" ><div class=\"swiper-slide-contents\"><\/div><\/div><\/div>\t\t\t\t<\/div>\n\t\t\t\t\t\t\t\t\t\t\t\t\t\t\t<div class=\"elementor-swiper-button elementor-swiper-button-prev\" role=\"button\" tabindex=\"0\" aria-label=\"Vorige slide\">\n\t\t\t\t\t\t\t<i aria-hidden=\"true\" class=\"eicon-chevron-left\"><\/i>\t\t\t\t\t\t<\/div>\n\t\t\t\t\t\t<div class=\"elementor-swiper-button elementor-swiper-button-next\" role=\"button\" tabindex=\"0\" aria-label=\"Volgende slide\">\n\t\t\t\t\t\t\t<i aria-hidden=\"true\" class=\"eicon-chevron-right\"><\/i>\t\t\t\t\t\t<\/div>\n\t\t\t\t\t\t\t\t\t\t\t\t\t\t\t\t<div class=\"swiper-pagination\"><\/div>\n\t\t\t\t\t\t\t\t\t\t\t\t<\/div>\n\t\t\t\t<\/div>\n\t\t\t\t\t\t\t\t<\/div>\n\t\t\t\t<\/div>\n\t\t\t\t<\/div>\n\t\t\t\t<\/div>\n\t\t<div class=\"elementor-element elementor-element-8279ccb e-flex e-con-boxed e-con e-parent\" data-id=\"8279ccb\" data-element_type=\"container\" data-e-type=\"container\">\n\t\t\t\t\t<div class=\"e-con-inner\">\n\t\t<div class=\"elementor-element elementor-element-e76c783 e-con-full e-flex e-con e-child\" data-id=\"e76c783\" data-element_type=\"container\" data-e-type=\"container\" data-settings=\"{&quot;background_background&quot;:&quot;classic&quot;}\">\n\t\t\t\t<div class=\"elementor-element elementor-element-843ca7c elementor-widget elementor-widget-text-editor\" data-id=\"843ca7c\" data-element_type=\"widget\" data-e-type=\"widget\" data-widget_type=\"text-editor.default\">\n\t\t\t\t<div class=\"elementor-widget-container\">\n\t\t\t\t\t\t\t\t\t<h1>Panorama tweepersoonskamer met balkon en uitzicht op het kasteel<\/h1>\n<p>De panoramische kamer heeft een balkon met een fantastisch uitzicht op de historische Reichsburg, de wijngaarden en het platteland. Het balkon heeft zitgelegenheid. De kamer is voorzien van twee eenpersoonsbedden en een canap\u00e9 die gebruikt kan worden als slaapbank. Het beschikt over een 26-inch flatscreen-tv en gratis snelle WiFi. <\/p>\n<p>Alle kamers zijn rookvrij!<\/p>\n\t\t\t\t\t\t\t\t<\/div>\n\t\t\t\t<\/div>\n\t\t\t\t<div class=\"elementor-element elementor-element-d77d5f6 elementor-button-success elementor-align-right elementor-widget elementor-widget-button\" data-id=\"d77d5f6\" data-element_type=\"widget\" data-e-type=\"widget\" data-widget_type=\"button.default\">\n\t\t\t\t<div class=\"elementor-widget-container\">\n\t\t\t\t\t\t\t\t\t<div class=\"elementor-button-wrapper\">\n\t\t\t\t\t<a class=\"elementor-button elementor-button-link elementor-size-lg\" href=\"https:\/\/S002346.officialbookings.com\/room\/P3BB_\" target=\"_blank\">\n\t\t\t\t\t\t<span class=\"elementor-button-content-wrapper\">\n\t\t\t\t\t\t\t\t\t<span class=\"elementor-button-text\">Boek hier<\/span>\n\t\t\t\t\t<\/span>\n\t\t\t\t\t<\/a>\n\t\t\t\t<\/div>\n\t\t\t\t\t\t\t\t<\/div>\n\t\t\t\t<\/div>\n\t\t\t\t<div class=\"elementor-element elementor-element-e987168 elementor-widget elementor-widget-text-editor\" data-id=\"e987168\" data-element_type=\"widget\" data-e-type=\"widget\" data-widget_type=\"text-editor.default\">\n\t\t\t\t<div class=\"elementor-widget-container\">\n\t\t\t\t\t\t\t\t\t<p><strong>Kamerdetails<\/strong><\/p>\n<ul>\n<li>Totale bezetting: 3 personen<\/li>\n<li>Uitzicht: Reichsburg, de wijngaarden en het platteland<\/li>\n<li> Bedden:\n<ul>\n<li>Twee bedden, elk 90 x 200 cm<\/li>\n<li>Canap\u00e9\/slaapbank (veerkern en lattenbodem, 80 x 200 cm) <\/li>\n<\/ul>\n<\/li >\n<li>Gratis WLAN<\/li>\n<li>Satelliet-tv<\/li>\n<li>Verduisteringsoptie <\/li>\n<\/ul>\n<p><strong>Kamerdetails<\/strong><\/p>\n<p >Inrichting van massief hout met lichte houttinten, raam dat open kan, telefoon op bed met mogelijke wake-up call, leeslampjes, wandspiegel, 26 inch LCD flatscreen TV (ge\u00efntegreerde radio) met satellietontvangst &#038; afstandsbediening, kanaal lijst, digitale gastenlijst, via WLAN met uw eigen apparaat, met informatie over hotel- en regionale excursiebestemmingen, gratis snelle WiFi<\/p>\n<p><strong>badkameruitrusting<\/strong><\/p>\n<p>toilet, douche, wastafel, hotelf\u00f6hn, haar- en lichaamsshampoo, cosmetische doekjes, hygi\u00ebnezakje, handdoek, douchedoek, badjas (op aanvraag) Afhankelijk van de kamer kan de uitrusting enigszins vari\u00ebren!<\/p>\n\t\t\t\t\t\t\t\t<\/div>\n\t\t\t\t<\/div>\n\t\t\t\t<div class=\"elementor-element elementor-element-d6450d8 elementor-widget elementor-widget-image\" data-id=\"d6450d8\" data-element_type=\"widget\" data-e-type=\"widget\" data-widget_type=\"image.default\">\n\t\t\t\t<div class=\"elementor-widget-container\">\n\t\t\t\t\t\t\t\t\t\t\t\t\t\t\t\t<a href=\"https:\/\/www.outdooractive.com\/\">\n\t\t\t\t\t\t\t<img decoding=\"async\" src=\"https:\/\/moselpension.de\/wp-content\/uploads\/elementor\/thumbs\/mosel-486565-1000x750-qnr8u06wigpsygs6yc1gfq2i13fgivgnhocc0b3n2g.jpg\" title=\"Moezeldal\" alt=\"Moezel\" loading=\"lazy\" \/>\t\t\t\t\t\t\t\t<\/a>\n\t\t\t\t\t\t\t\t\t\t\t\t\t\t\t<\/div>\n\t\t\t\t<\/div>\n\t\t\t\t<\/div>\n\t\t\t\t\t<\/div>\n\t\t\t\t<\/div>\n\t\t\t\t<\/div>\n\t\t","protected":false},"excerpt":{"rendered":"<p>Previous slide Next slide Panorama tweepersoonskamer met balkon en uitzicht op het kasteel De panoramische kamer heeft een balkon met een fantastisch uitzicht op de historische Reichsburg, de wijngaarden en het platteland. Het balkon heeft zitgelegenheid. De kamer is voorzien van twee eenpersoonsbedden en een canap\u00e9 die gebruikt kan worden als slaapbank. Het beschikt over [&hellip;]<\/p>\n","protected":false},"author":2,"featured_media":0,"parent":2632,"menu_order":0,"comment_status":"closed","ping_status":"closed","template":"","meta":{"footnotes":""},"class_list":["post-2643","page","type-page","status-publish","hentry"],"aioseo_notices":[],"_links":{"self":[{"href":"https:\/\/moselpension.de\/nl\/wp-json\/wp\/v2\/pages\/2643","targetHints":{"allow":["GET"]}}],"collection":[{"href":"https:\/\/moselpension.de\/nl\/wp-json\/wp\/v2\/pages"}],"about":[{"href":"https:\/\/moselpension.de\/nl\/wp-json\/wp\/v2\/types\/page"}],"author":[{"embeddable":true,"href":"https:\/\/moselpension.de\/nl\/wp-json\/wp\/v2\/users\/2"}],"replies":[{"embeddable":true,"href":"https:\/\/moselpension.de\/nl\/wp-json\/wp\/v2\/comments?post=2643"}],"version-history":[{"count":15,"href":"https:\/\/moselpension.de\/nl\/wp-json\/wp\/v2\/pages\/2643\/revisions"}],"predecessor-version":[{"id":6228,"href":"https:\/\/moselpension.de\/nl\/wp-json\/wp\/v2\/pages\/2643\/revisions\/6228"}],"up":[{"embeddable":true,"href":"https:\/\/moselpension.de\/nl\/wp-json\/wp\/v2\/pages\/2632"}],"wp:attachment":[{"href":"https:\/\/moselpension.de\/nl\/wp-json\/wp\/v2\/media?parent=2643"}],"curies":[{"name":"wp","href":"https:\/\/api.w.org\/{rel}","templated":true}]}}