{"id":2834,"date":"2019-04-03T12:54:30","date_gmt":"2019-04-03T10:54:30","guid":{"rendered":"https:\/\/moselpension.de\/offerandes\/"},"modified":"2025-11-16T10:30:29","modified_gmt":"2025-11-16T09:30:29","slug":"offerandes","status":"publish","type":"page","link":"https:\/\/moselpension.de\/nl\/offerandes\/","title":{"rendered":"Offerandes"},"content":{"rendered":"\t\t<div data-elementor-type=\"wp-post\" data-elementor-id=\"2834\" class=\"elementor elementor-2834 elementor-2717\" data-elementor-post-type=\"page\">\n\t\t\t\t<div class=\"elementor-element elementor-element-0ccb7ca e-flex e-con-boxed e-con e-parent\" data-id=\"0ccb7ca\" data-element_type=\"container\" data-e-type=\"container\">\n\t\t\t\t\t<div class=\"e-con-inner\">\n\t\t<div class=\"elementor-element elementor-element-1fd865b e-con-full e-flex e-con e-child\" data-id=\"1fd865b\" data-element_type=\"container\" data-e-type=\"container\">\n\t\t\t\t<div class=\"elementor-element elementor-element-a3148e3 elementor-widget elementor-widget-heading\" data-id=\"a3148e3\" data-element_type=\"widget\" data-e-type=\"widget\" data-widget_type=\"heading.default\">\n\t\t\t\t<div class=\"elementor-widget-container\">\n\t\t\t\t\t<h1 class=\"elementor-heading-title elementor-size-default\">Offerandes<\/h1>\t\t\t\t<\/div>\n\t\t\t\t<\/div>\n\t\t\t\t<div class=\"elementor-element elementor-element-f75b76b elementor-widget elementor-widget-html\" data-id=\"f75b76b\" data-element_type=\"widget\" data-e-type=\"widget\" data-widget_type=\"html.default\">\n\t\t\t\t<div class=\"elementor-widget-container\">\n\t\t\t\t\t<div data-kbe-searchbar=\"BOOKINGWIDGET\"><\/div>\t\t\t\t<\/div>\n\t\t\t\t<\/div>\n\t\t\t\t<\/div>\n\t\t\t\t\t<\/div>\n\t\t\t\t<\/div>\n\t\t<div class=\"elementor-element elementor-element-8037b13 e-con-full e-flex e-con e-parent\" data-id=\"8037b13\" data-element_type=\"container\" data-e-type=\"container\">\n\t\t<div class=\"elementor-element elementor-element-6913613 e-grid e-con-boxed e-con e-child\" data-id=\"6913613\" data-element_type=\"container\" data-e-type=\"container\">\n\t\t\t\t\t<div class=\"e-con-inner\">\n\t\t\t\t<div class=\"elementor-element elementor-element-36538f8 elementor-widget elementor-widget-text-editor\" data-id=\"36538f8\" data-element_type=\"widget\" data-e-type=\"widget\" id=\"kurztrip\" data-widget_type=\"text-editor.default\">\n\t\t\t\t<div class=\"elementor-widget-container\">\n\t\t\t\t\t\t\t\t\t<h2>Korte trip naar Cochem<\/h2>\n<p>Ontsnap aan uw dagelijkse leven en geniet van onvergetelijke dagen in ons huis.<\/p>\n<p>Aankomst: zondag tot woensdag<\/p>\n<p>Het aanbod omvat per persoon:<\/p>\n<ul>\n<li>2 overnachtingen met een uitgebreid ontbijtbuffet.<\/li>\n<li>E\u00e9n fles mineraalwater per kamer.<\/li>\n<li>Een rondleiding door de historische Reichsburg Cochem.<\/li>\n<\/ul>\n\t\t\t\t\t\t\t\t<\/div>\n\t\t\t\t<\/div>\n\t\t\t\t<div class=\"elementor-element elementor-element-f8e4f91 elementor-widget elementor-widget-image\" data-id=\"f8e4f91\" data-element_type=\"widget\" data-e-type=\"widget\" data-widget_type=\"image.default\">\n\t\t\t\t<div class=\"elementor-widget-container\">\n\t\t\t\t\t\t\t\t\t\t\t\t\t\t\t<img fetchpriority=\"high\" decoding=\"async\" width=\"1920\" height=\"1440\" src=\"https:\/\/moselpension.de\/wp-content\/uploads\/2025\/03\/Reichsburg.jpg\" class=\"attachment-full size-full wp-image-6620\" alt=\"Reichsburg Cochem\" srcset=\"https:\/\/moselpension.de\/wp-content\/uploads\/2025\/03\/Reichsburg.jpg 1920w, https:\/\/moselpension.de\/wp-content\/uploads\/2025\/03\/Reichsburg-400x300.jpg 400w, https:\/\/moselpension.de\/wp-content\/uploads\/2025\/03\/Reichsburg-1200x900.jpg 1200w, https:\/\/moselpension.de\/wp-content\/uploads\/2025\/03\/Reichsburg-200x150.jpg 200w, https:\/\/moselpension.de\/wp-content\/uploads\/2025\/03\/Reichsburg-768x576.jpg 768w, https:\/\/moselpension.de\/wp-content\/uploads\/2025\/03\/Reichsburg-1536x1152.jpg 1536w\" sizes=\"(max-width: 1920px) 100vw, 1920px\" \/>\t\t\t\t\t\t\t\t\t\t\t\t\t\t\t<\/div>\n\t\t\t\t<\/div>\n\t\t\t\t<div class=\"elementor-element elementor-element-6a95997 elementor-widget elementor-widget-button\" data-id=\"6a95997\" data-element_type=\"widget\" data-e-type=\"widget\" id=\"cochem\" data-widget_type=\"button.default\">\n\t\t\t\t<div class=\"elementor-widget-container\">\n\t\t\t\t\t\t\t\t\t<div class=\"elementor-button-wrapper\">\n\t\t\t\t\t<a class=\"elementor-button elementor-button-link elementor-size-sm\" href=\"https:\/\/S002346.officialbookings.com\/package\/MIDWEEKSPE\" target=\"_blank\">\n\t\t\t\t\t\t<span class=\"elementor-button-content-wrapper\">\n\t\t\t\t\t\t\t\t\t<span class=\"elementor-button-text\">Prijzen en details<\/span>\n\t\t\t\t\t<\/span>\n\t\t\t\t\t<\/a>\n\t\t\t\t<\/div>\n\t\t\t\t\t\t\t\t<\/div>\n\t\t\t\t<\/div>\n\t\t\t\t\t<\/div>\n\t\t\t\t<\/div>\n\t\t<div class=\"elementor-element elementor-element-9178852 e-grid e-con-boxed e-con e-child\" data-id=\"9178852\" data-element_type=\"container\" data-e-type=\"container\">\n\t\t\t\t\t<div class=\"e-con-inner\">\n\t\t\t\t<div class=\"elementor-element elementor-element-10db63b elementor-widget elementor-widget-text-editor\" data-id=\"10db63b\" data-element_type=\"widget\" data-e-type=\"widget\" id=\"Cochem-erleben\" data-widget_type=\"text-editor.default\">\n\t\t\t\t<div class=\"elementor-widget-container\">\n\t\t\t\t\t\t\t\t\t<h2>Beleef Cochem<\/h2>\n<p>Geniet van Cochem en de prachtige omgeving. Gebruik de dagen voor een mooie wandeling langs de Moezel of een fietstocht.<\/p>\n<p>Aankomst: maandag tot en met zondag<\/p>\n<p>Boekbaar: mei tot half oktober<\/p>\n<p>Het aanbod omvat per persoon:<\/p>\n<ul>\n<li>3 overnachtingen met een uitgebreid ontbijtbuffet.<\/li>\n<li>E\u00e9n fles mineraalwater per kamer<\/li>\n<li>Een rondleiding door het historische keizerlijke kasteel van Cochem.<\/li>\n<li>Een romantische boottocht met sluispassage naar Beilstein, daar &amp; Terugreis.<\/li>\n<li>Een ritje met de stoeltjeslift naar het Pinnerkreuz, berg- &amp; Afdaling.<\/li>\n<\/ul>\n\t\t\t\t\t\t\t\t<\/div>\n\t\t\t\t<\/div>\n\t\t\t\t<div class=\"elementor-element elementor-element-711a485 elementor-widget elementor-widget-image\" data-id=\"711a485\" data-element_type=\"widget\" data-e-type=\"widget\" data-widget_type=\"image.default\">\n\t\t\t\t<div class=\"elementor-widget-container\">\n\t\t\t\t\t\t\t\t\t\t\t\t\t\t\t<img decoding=\"async\" width=\"800\" height=\"533\" src=\"https:\/\/moselpension.de\/wp-content\/uploads\/2025\/03\/Cochem-mit-Mosel-1200x800.jpg\" class=\"attachment-large size-large wp-image-6617\" alt=\"Cochem mit Mosel\" srcset=\"https:\/\/moselpension.de\/wp-content\/uploads\/2025\/03\/Cochem-mit-Mosel-1200x800.jpg 1200w, https:\/\/moselpension.de\/wp-content\/uploads\/2025\/03\/Cochem-mit-Mosel-400x267.jpg 400w, https:\/\/moselpension.de\/wp-content\/uploads\/2025\/03\/Cochem-mit-Mosel-200x133.jpg 200w, https:\/\/moselpension.de\/wp-content\/uploads\/2025\/03\/Cochem-mit-Mosel-768x512.jpg 768w, https:\/\/moselpension.de\/wp-content\/uploads\/2025\/03\/Cochem-mit-Mosel-1536x1024.jpg 1536w, https:\/\/moselpension.de\/wp-content\/uploads\/2025\/03\/Cochem-mit-Mosel.jpg 1920w\" sizes=\"(max-width: 800px) 100vw, 800px\" \/>\t\t\t\t\t\t\t\t\t\t\t\t\t\t\t<\/div>\n\t\t\t\t<\/div>\n\t\t\t\t<div class=\"elementor-element elementor-element-0cf3854 elementor-widget elementor-widget-button\" data-id=\"0cf3854\" data-element_type=\"widget\" data-e-type=\"widget\" id=\"ostermarkt\" data-widget_type=\"button.default\">\n\t\t\t\t<div class=\"elementor-widget-container\">\n\t\t\t\t\t\t\t\t\t<div class=\"elementor-button-wrapper\">\n\t\t\t\t\t<a class=\"elementor-button elementor-button-link elementor-size-sm\" href=\"https:\/\/S002346.officialbookings.com\/package\/COCHEM_COM\" target=\"_blank\">\n\t\t\t\t\t\t<span class=\"elementor-button-content-wrapper\">\n\t\t\t\t\t\t\t\t\t<span class=\"elementor-button-text\">Prijzen en details<\/span>\n\t\t\t\t\t<\/span>\n\t\t\t\t\t<\/a>\n\t\t\t\t<\/div>\n\t\t\t\t\t\t\t\t<\/div>\n\t\t\t\t<\/div>\n\t\t\t\t\t<\/div>\n\t\t\t\t<\/div>\n\t\t<div class=\"elementor-element elementor-element-9cec3d9 e-grid e-con-boxed e-con e-child\" data-id=\"9cec3d9\" data-element_type=\"container\" data-e-type=\"container\">\n\t\t\t\t\t<div class=\"e-con-inner\">\n\t\t\t\t<div class=\"elementor-element elementor-element-3284bc1 elementor-widget elementor-widget-text-editor\" data-id=\"3284bc1\" data-element_type=\"widget\" data-e-type=\"widget\" id=\"Ostern\" data-widget_type=\"text-editor.default\">\n\t\t\t\t<div class=\"elementor-widget-container\">\n\t\t\t\t\t\t\t\t\t<h2>Pasen in Cochem<\/h2>\n<p>Breng vier kleurrijke Paasdagen door in een rustige en ontspannen sfeer. Er wachten een aantal verrassingen op je&#8230;! Laat u door ons verwennen en geniet van uw vrije dagen met Pasen bij ons thuis.<\/p>\n<p>Het aanbod omvat per persoon:<\/p>\n<ul>\n<li>3 overnachtingen met ontbijtbuffet.<\/li>\n<li>Op paaszondag 1 glas mousserende wijn bij het ontbijt.<\/li>\n<li>Een paasverrassing op je kamer op Paaszondag.<\/li>\n<li>Een romantische boottocht met sluispassage naar Beilstein, daar &amp; Terugreis.<\/li>\n<li>Een ritje met de stoeltjeslift naar Pinnerkreuz, Berg &#8211; &amp; Afdaling.<\/li>\n<li>Rondleiding door de historische Reichsburg.<\/li>\n<\/ul>\n\t\t\t\t\t\t\t\t<\/div>\n\t\t\t\t<\/div>\n\t\t\t\t<div class=\"elementor-element elementor-element-e707074 elementor-widget elementor-widget-image\" data-id=\"e707074\" data-element_type=\"widget\" data-e-type=\"widget\" data-widget_type=\"image.default\">\n\t\t\t\t<div class=\"elementor-widget-container\">\n\t\t\t\t\t\t\t\t\t\t\t\t\t\t\t<img decoding=\"async\" width=\"640\" height=\"427\" src=\"https:\/\/moselpension.de\/wp-content\/uploads\/2020\/05\/easter-snacks-6854052_640.jpg\" class=\"attachment-large size-large wp-image-5825\" alt=\"Ostermarkt in Cochem\" srcset=\"https:\/\/moselpension.de\/wp-content\/uploads\/2020\/05\/easter-snacks-6854052_640.jpg 640w, https:\/\/moselpension.de\/wp-content\/uploads\/2020\/05\/easter-snacks-6854052_640-400x267.jpg 400w, https:\/\/moselpension.de\/wp-content\/uploads\/2020\/05\/easter-snacks-6854052_640-200x133.jpg 200w\" sizes=\"(max-width: 640px) 100vw, 640px\" \/>\t\t\t\t\t\t\t\t\t\t\t\t\t\t\t<\/div>\n\t\t\t\t<\/div>\n\t\t\t\t<div class=\"elementor-element elementor-element-2ae3747 elementor-widget elementor-widget-button\" data-id=\"2ae3747\" data-element_type=\"widget\" data-e-type=\"widget\" id=\"ostern\" data-widget_type=\"button.default\">\n\t\t\t\t<div class=\"elementor-widget-container\">\n\t\t\t\t\t\t\t\t\t<div class=\"elementor-button-wrapper\">\n\t\t\t\t\t<a class=\"elementor-button elementor-button-link elementor-size-sm\" href=\"https:\/\/S002346.officialbookings.com\/package\/FROHE_OSTE\" target=\"_blank\">\n\t\t\t\t\t\t<span class=\"elementor-button-content-wrapper\">\n\t\t\t\t\t\t\t\t\t<span class=\"elementor-button-text\">Prijzen en details<\/span>\n\t\t\t\t\t<\/span>\n\t\t\t\t\t<\/a>\n\t\t\t\t<\/div>\n\t\t\t\t\t\t\t\t<\/div>\n\t\t\t\t<\/div>\n\t\t\t\t\t<\/div>\n\t\t\t\t<\/div>\n\t\t<div class=\"elementor-element elementor-element-8a19857 e-grid e-con-boxed e-con e-child\" data-id=\"8a19857\" data-element_type=\"container\" data-e-type=\"container\">\n\t\t\t\t\t<div class=\"e-con-inner\">\n\t\t\t\t<div class=\"elementor-element elementor-element-6e44b73 elementor-widget elementor-widget-text-editor\" data-id=\"6e44b73\" data-element_type=\"widget\" data-e-type=\"widget\" id=\"Motorrad\" data-widget_type=\"text-editor.default\">\n\t\t\t\t<div class=\"elementor-widget-container\">\n\t\t\t\t\t\t\t\t\t<h2>Motorfiets Moezel-Eifel-Hunsr\u00fcck<\/h2>\r\nE\u00e9n van de mooiste motorroutes van Duitsland, langs de Moezel, slingerend door de Eifel en de Hunsr\u00fcck. Een omweg naar de N\u00fcrburgring is altijd de moeite waard, misschien zelfs wel \u00e9\u00e9n\r\n\r\nHet aanbod omvat per persoon:\r\n<ul>\r\n \t<li>Vanaf 2 nachten met uitgebreid ontbijtbuffet.<\/li>\r\n \t<li>Een koud biertje uit onze zelfbedieningskoelkast op de dag van aankomst.<\/li>\r\n \t<li>Elke dag een lunchpakket voor uw tochten, ook op de dag van vertrek<\/li>\r\n \t<li>Gratis garage en afhankelijk van beschikbaarheid, droogruimte<\/li>\r\n<\/ul>\t\t\t\t\t\t\t\t<\/div>\n\t\t\t\t<\/div>\n\t\t\t\t<div class=\"elementor-element elementor-element-8616468 elementor-widget elementor-widget-image\" data-id=\"8616468\" data-element_type=\"widget\" data-e-type=\"widget\" data-widget_type=\"image.default\">\n\t\t\t\t<div class=\"elementor-widget-container\">\n\t\t\t\t\t\t\t\t\t\t\t\t\t\t\t<img loading=\"lazy\" decoding=\"async\" width=\"1920\" height=\"1288\" src=\"https:\/\/moselpension.de\/wp-content\/uploads\/2025\/03\/motorcycle-2454728_1920.jpg\" class=\"attachment-full size-full wp-image-6607\" alt=\"Angebot Motorradtouren\" srcset=\"https:\/\/moselpension.de\/wp-content\/uploads\/2025\/03\/motorcycle-2454728_1920.jpg 1920w, https:\/\/moselpension.de\/wp-content\/uploads\/2025\/03\/motorcycle-2454728_1920-400x268.jpg 400w, https:\/\/moselpension.de\/wp-content\/uploads\/2025\/03\/motorcycle-2454728_1920-1200x805.jpg 1200w, https:\/\/moselpension.de\/wp-content\/uploads\/2025\/03\/motorcycle-2454728_1920-200x134.jpg 200w, https:\/\/moselpension.de\/wp-content\/uploads\/2025\/03\/motorcycle-2454728_1920-768x515.jpg 768w, https:\/\/moselpension.de\/wp-content\/uploads\/2025\/03\/motorcycle-2454728_1920-1536x1030.jpg 1536w\" sizes=\"(max-width: 1920px) 100vw, 1920px\" \/>\t\t\t\t\t\t\t\t\t\t\t\t\t\t\t<\/div>\n\t\t\t\t<\/div>\n\t\t\t\t<div class=\"elementor-element elementor-element-f4773b6 elementor-widget elementor-widget-button\" data-id=\"f4773b6\" data-element_type=\"widget\" data-e-type=\"widget\" id=\"silvester\" data-widget_type=\"button.default\">\n\t\t\t\t<div class=\"elementor-widget-container\">\n\t\t\t\t\t\t\t\t\t<div class=\"elementor-button-wrapper\">\n\t\t\t\t\t<a class=\"elementor-button elementor-button-link elementor-size-sm\" href=\"https:\/\/S002346.officialbookings.com\/package\/MOTORRADMO\" target=\"_blank\">\n\t\t\t\t\t\t<span class=\"elementor-button-content-wrapper\">\n\t\t\t\t\t\t\t\t\t<span class=\"elementor-button-text\">Prijzen en details<\/span>\n\t\t\t\t\t<\/span>\n\t\t\t\t\t<\/a>\n\t\t\t\t<\/div>\n\t\t\t\t\t\t\t\t<\/div>\n\t\t\t\t<\/div>\n\t\t\t\t\t<\/div>\n\t\t\t\t<\/div>\n\t\t<div class=\"elementor-element elementor-element-0b90d99 e-grid e-con-boxed e-con e-child\" data-id=\"0b90d99\" data-element_type=\"container\" data-e-type=\"container\">\n\t\t\t\t\t<div class=\"e-con-inner\">\n\t\t\t\t<div class=\"elementor-element elementor-element-fa044c5 elementor-widget elementor-widget-text-editor\" data-id=\"fa044c5\" data-element_type=\"widget\" data-e-type=\"widget\" id=\"Weihnachten\" data-widget_type=\"text-editor.default\">\n\t\t\t\t<div class=\"elementor-widget-container\">\n\t\t\t\t\t\t\t\t\t<h2>Kerstmarkt in Cochem<\/h2>\n<p>Beleef de kerstmarkt in Cochem \u2013 met de stralende idylle aan de Moezel. Cochem laat zich in het koude jaargetijde van zijn mooiste kant zien.<\/p>\n<p>Versierde vakwerkhuizen op de markt en in de straten. De sfeervolle verlichting nodigt uit tot een ontspannen wandeling, weg van de drukte.<\/p>\n<p>Aankomst: dagelijks, behalve zaterdag<\/p>\n<p>Het aanbod omvat per persoon:<\/p>\n<ul>\n<li>2 overnachtingen met een uitgebreid ontbijt.<\/li>\n<li>Een gl\u00fchwein van de Moezelwijnmaker, rood of wit.<\/li>\n<li>Voor onze kleine gasten een warme chocolademelk of warme appelpunch.<\/li>\n<li>Een rondleiding door het historische keizerlijke kasteel van Cochem.<\/li>\n<\/ul>\n\t\t\t\t\t\t\t\t<\/div>\n\t\t\t\t<\/div>\n\t\t\t\t<div class=\"elementor-element elementor-element-6cf6ed3 elementor-widget elementor-widget-image\" data-id=\"6cf6ed3\" data-element_type=\"widget\" data-e-type=\"widget\" data-widget_type=\"image.default\">\n\t\t\t\t<div class=\"elementor-widget-container\">\n\t\t\t\t\t\t\t\t\t\t\t\t\t\t\t<img loading=\"lazy\" decoding=\"async\" width=\"800\" height=\"400\" src=\"https:\/\/moselpension.de\/wp-content\/uploads\/2020\/01\/Weihnachtlicher-Marktplatz-in-Cochem-3-1000x500-1.jpg\" class=\"attachment-large size-large wp-image-3306\" alt=\"\" srcset=\"https:\/\/moselpension.de\/wp-content\/uploads\/2020\/01\/Weihnachtlicher-Marktplatz-in-Cochem-3-1000x500-1.jpg 1000w, https:\/\/moselpension.de\/wp-content\/uploads\/2020\/01\/Weihnachtlicher-Marktplatz-in-Cochem-3-1000x500-1-400x200.jpg 400w, https:\/\/moselpension.de\/wp-content\/uploads\/2020\/01\/Weihnachtlicher-Marktplatz-in-Cochem-3-1000x500-1-200x100.jpg 200w, https:\/\/moselpension.de\/wp-content\/uploads\/2020\/01\/Weihnachtlicher-Marktplatz-in-Cochem-3-1000x500-1-768x384.jpg 768w, https:\/\/moselpension.de\/wp-content\/uploads\/2020\/01\/Weihnachtlicher-Marktplatz-in-Cochem-3-1000x500-1-418x209.jpg 418w\" sizes=\"(max-width: 800px) 100vw, 800px\" \/>\t\t\t\t\t\t\t\t\t\t\t\t\t\t\t<\/div>\n\t\t\t\t<\/div>\n\t\t\t\t<div class=\"elementor-element elementor-element-e581b4e elementor-widget elementor-widget-button\" data-id=\"e581b4e\" data-element_type=\"widget\" data-e-type=\"widget\" data-widget_type=\"button.default\">\n\t\t\t\t<div class=\"elementor-widget-container\">\n\t\t\t\t\t\t\t\t\t<div class=\"elementor-button-wrapper\">\n\t\t\t\t\t<a class=\"elementor-button elementor-button-link elementor-size-sm\" href=\"https:\/\/S002346.officialbookings.com\/package\/WEIHNACHTS\" target=\"_blank\">\n\t\t\t\t\t\t<span class=\"elementor-button-content-wrapper\">\n\t\t\t\t\t\t\t\t\t<span class=\"elementor-button-text\">Prijzen en details<\/span>\n\t\t\t\t\t<\/span>\n\t\t\t\t\t<\/a>\n\t\t\t\t<\/div>\n\t\t\t\t\t\t\t\t<\/div>\n\t\t\t\t<\/div>\n\t\t\t\t\t<\/div>\n\t\t\t\t<\/div>\n\t\t<div class=\"elementor-element elementor-element-cb846e8 e-grid e-con-boxed e-con e-child\" data-id=\"cb846e8\" data-element_type=\"container\" data-e-type=\"container\">\n\t\t\t\t\t<div class=\"e-con-inner\">\n\t\t\t\t<div class=\"elementor-element elementor-element-0115883 elementor-widget elementor-widget-image\" data-id=\"0115883\" data-element_type=\"widget\" data-e-type=\"widget\" id=\"Silvester\" data-widget_type=\"image.default\">\n\t\t\t\t<div class=\"elementor-widget-container\">\n\t\t\t\t\t\t\t\t\t\t\t\t\t\t\t<img loading=\"lazy\" decoding=\"async\" width=\"800\" height=\"400\" src=\"https:\/\/moselpension.de\/wp-content\/uploads\/2020\/01\/fireworks-865104-1000x500-1.jpg\" class=\"attachment-large size-large wp-image-3310\" alt=\"\" srcset=\"https:\/\/moselpension.de\/wp-content\/uploads\/2020\/01\/fireworks-865104-1000x500-1.jpg 1000w, https:\/\/moselpension.de\/wp-content\/uploads\/2020\/01\/fireworks-865104-1000x500-1-400x200.jpg 400w, https:\/\/moselpension.de\/wp-content\/uploads\/2020\/01\/fireworks-865104-1000x500-1-200x100.jpg 200w, https:\/\/moselpension.de\/wp-content\/uploads\/2020\/01\/fireworks-865104-1000x500-1-768x384.jpg 768w, https:\/\/moselpension.de\/wp-content\/uploads\/2020\/01\/fireworks-865104-1000x500-1-418x209.jpg 418w\" sizes=\"(max-width: 800px) 100vw, 800px\" \/>\t\t\t\t\t\t\t\t\t\t\t\t\t\t\t<\/div>\n\t\t\t\t<\/div>\n\t\t\t\t<div class=\"elementor-element elementor-element-7484687 elementor-widget elementor-widget-text-editor\" data-id=\"7484687\" data-element_type=\"widget\" data-e-type=\"widget\" data-widget_type=\"text-editor.default\">\n\t\t\t\t<div class=\"elementor-widget-container\">\n\t\t\t\t\t\t\t\t\t<h2>Oudejaarsavond in Cochem<\/h2>\n<p>Laat het jaar in vrede eindigen.<\/p>\n<p>Het aanbod omvat per persoon:<\/p>\n<ul>\n<li>3 overnachtingen met een uitgebreid ontbijtbuffet.<\/li>\n<li>Een rondleiding door het historische keizerlijke kasteel van Cochem.<\/li>\n<li>Een glas champagne op nieuwjaarsochtend.<\/li>\n<\/ul>\n\t\t\t\t\t\t\t\t<\/div>\n\t\t\t\t<\/div>\n\t\t\t\t<div class=\"elementor-element elementor-element-38c2523 elementor-widget elementor-widget-button\" data-id=\"38c2523\" data-element_type=\"widget\" data-e-type=\"widget\" id=\"gutschein\" data-widget_type=\"button.default\">\n\t\t\t\t<div class=\"elementor-widget-container\">\n\t\t\t\t\t\t\t\t\t<div class=\"elementor-button-wrapper\">\n\t\t\t\t\t<a class=\"elementor-button elementor-button-link elementor-size-sm\" href=\"https:\/\/S002346.officialbookings.com\/package\/SILVESTERS\" target=\"_blank\">\n\t\t\t\t\t\t<span class=\"elementor-button-content-wrapper\">\n\t\t\t\t\t\t\t\t\t<span class=\"elementor-button-text\">Prijzen en details<\/span>\n\t\t\t\t\t<\/span>\n\t\t\t\t\t<\/a>\n\t\t\t\t<\/div>\n\t\t\t\t\t\t\t\t<\/div>\n\t\t\t\t<\/div>\n\t\t\t\t\t<\/div>\n\t\t\t\t<\/div>\n\t\t\t\t<\/div>\n\t\t<div class=\"elementor-element elementor-element-9eb1771 e-flex e-con-boxed e-con e-parent\" data-id=\"9eb1771\" data-element_type=\"container\" data-e-type=\"container\" id=\"Gutschein\">\n\t\t\t\t\t<div class=\"e-con-inner\">\n\t\t<div class=\"elementor-element elementor-element-a4fd0f5 e-con-full e-flex e-con e-child\" data-id=\"a4fd0f5\" data-element_type=\"container\" data-e-type=\"container\">\n\t\t\t\t<div class=\"elementor-element elementor-element-00c4347 elementor-widget elementor-widget-heading\" data-id=\"00c4347\" data-element_type=\"widget\" data-e-type=\"widget\" data-widget_type=\"heading.default\">\n\t\t\t\t<div class=\"elementor-widget-container\">\n\t\t\t\t\t<h2 class=\"elementor-heading-title elementor-size-default\">Cadeaubon Hotel Villa Tummelchen<\/h2>\t\t\t\t<\/div>\n\t\t\t\t<\/div>\n\t\t<div class=\"elementor-element elementor-element-e4791d4 e-grid e-con-boxed e-con e-child\" data-id=\"e4791d4\" data-element_type=\"container\" data-e-type=\"container\">\n\t\t\t\t\t<div class=\"e-con-inner\">\n\t\t\t\t<div class=\"elementor-element elementor-element-850ed8d elementor-widget elementor-widget-text-editor\" data-id=\"850ed8d\" data-element_type=\"widget\" data-e-type=\"widget\" data-widget_type=\"text-editor.default\">\n\t\t\t\t<div class=\"elementor-widget-container\">\n\t\t\t\t\t\t\t\t\t<h3 style=\"text-align: left;\">Geef iets bijzonder waardevols, geef ontspanning cadeau!<\/h3>\n<p style=\"letter-spacing: 0.36px;\"><span style=\"color: #808080;\">Het iets andere cadeau: geef een voucher van Hotel Villa Tummelchen. De voucher wordt vervolgens ingewisseld wanneer u ons hotel bezoekt. <\/span><\/p>\n\t\t\t\t\t\t\t\t<\/div>\n\t\t\t\t<\/div>\n\t\t\t\t<div class=\"elementor-element elementor-element-d8e3084 elementor-widget elementor-widget-image\" data-id=\"d8e3084\" data-element_type=\"widget\" data-e-type=\"widget\" data-widget_type=\"image.default\">\n\t\t\t\t<div class=\"elementor-widget-container\">\n\t\t\t\t\t\t\t\t\t\t\t\t\t\t\t\t<a href=\"https:\/\/moselpension.de\/nl\/waardebon\/\">\n\t\t\t\t\t\t\t<img loading=\"lazy\" decoding=\"async\" width=\"800\" height=\"402\" src=\"https:\/\/moselpension.de\/wp-content\/uploads\/2018\/10\/Hotelgutschein-1-1200x603.jpg\" class=\"attachment-large size-large wp-image-2189\" alt=\"Hotelvoucher\" srcset=\"https:\/\/moselpension.de\/wp-content\/uploads\/2018\/10\/Hotelgutschein-1-1200x603.jpg 1200w, https:\/\/moselpension.de\/wp-content\/uploads\/2018\/10\/Hotelgutschein-1-200x100.jpg 200w, https:\/\/moselpension.de\/wp-content\/uploads\/2018\/10\/Hotelgutschein-1-400x201.jpg 400w, https:\/\/moselpension.de\/wp-content\/uploads\/2018\/10\/Hotelgutschein-1-768x386.jpg 768w, https:\/\/moselpension.de\/wp-content\/uploads\/2018\/10\/Hotelgutschein-1-418x210.jpg 418w, https:\/\/moselpension.de\/wp-content\/uploads\/2018\/10\/Hotelgutschein-1-900x452.jpg 900w, https:\/\/moselpension.de\/wp-content\/uploads\/2018\/10\/Hotelgutschein-1-597x300.jpg 597w, https:\/\/moselpension.de\/wp-content\/uploads\/2018\/10\/Hotelgutschein-1.jpg 1238w\" sizes=\"(max-width: 800px) 100vw, 800px\" \/>\t\t\t\t\t\t\t\t<\/a>\n\t\t\t\t\t\t\t\t\t\t\t\t\t\t\t<\/div>\n\t\t\t\t<\/div>\n\t\t\t\t<div class=\"elementor-element elementor-element-003b77f elementor-widget elementor-widget-button\" data-id=\"003b77f\" data-element_type=\"widget\" data-e-type=\"widget\" data-widget_type=\"button.default\">\n\t\t\t\t<div class=\"elementor-widget-container\">\n\t\t\t\t\t\t\t\t\t<div class=\"elementor-button-wrapper\">\n\t\t\t\t\t<a class=\"elementor-button elementor-button-link elementor-size-sm\" href=\"https:\/\/moselpension.de\/nl\/waardebon\/\">\n\t\t\t\t\t\t<span class=\"elementor-button-content-wrapper\">\n\t\t\t\t\t\t\t\t\t<span class=\"elementor-button-text\">Klik hier<\/span>\n\t\t\t\t\t<\/span>\n\t\t\t\t\t<\/a>\n\t\t\t\t<\/div>\n\t\t\t\t\t\t\t\t<\/div>\n\t\t\t\t<\/div>\n\t\t\t\t<div class=\"elementor-element elementor-element-980d892 elementor-widget elementor-widget-image\" data-id=\"980d892\" data-element_type=\"widget\" data-e-type=\"widget\" data-widget_type=\"image.default\">\n\t\t\t\t<div class=\"elementor-widget-container\">\n\t\t\t\t\t\t\t\t\t\t\t\t\t\t\t\t<a href=\"https:\/\/www.facebook.com\/VillaTummelchen\/about\" target=\"_blank\">\n\t\t\t\t\t\t\t<img decoding=\"async\" src=\"https:\/\/moselpension.de\/wp-content\/uploads\/elementor\/thumbs\/Facebook_Logo_Primary-res8hmrwf4d506plc3nkl8i5pkoscbvczni4godu9g.png\" title=\"Facebook_Logo_Primary\" alt=\"Facebook Logo\" loading=\"lazy\" \/>\t\t\t\t\t\t\t\t<\/a>\n\t\t\t\t\t\t\t\t\t\t\t\t\t\t\t<\/div>\n\t\t\t\t<\/div>\n\t\t\t\t\t<\/div>\n\t\t\t\t<\/div>\n\t\t\t\t<\/div>\n\t\t\t\t\t<\/div>\n\t\t\t\t<\/div>\n\t\t\t\t<\/div>\n\t\t","protected":false},"excerpt":{"rendered":"<p>Offerandes Korte trip naar Cochem Ontsnap aan uw dagelijkse leven en geniet van onvergetelijke dagen in ons huis. Aankomst: zondag tot woensdag Het aanbod omvat per persoon: 2 overnachtingen met een uitgebreid ontbijtbuffet. E\u00e9n fles mineraalwater per kamer. Een rondleiding door de historische Reichsburg Cochem. Prijzen en details Beleef Cochem Geniet van Cochem en de [&hellip;]<\/p>\n","protected":false},"author":2,"featured_media":0,"parent":0,"menu_order":0,"comment_status":"closed","ping_status":"closed","template":"","meta":{"footnotes":""},"class_list":["post-2834","page","type-page","status-publish","hentry"],"aioseo_notices":[],"_links":{"self":[{"href":"https:\/\/moselpension.de\/nl\/wp-json\/wp\/v2\/pages\/2834","targetHints":{"allow":["GET"]}}],"collection":[{"href":"https:\/\/moselpension.de\/nl\/wp-json\/wp\/v2\/pages"}],"about":[{"href":"https:\/\/moselpension.de\/nl\/wp-json\/wp\/v2\/types\/page"}],"author":[{"embeddable":true,"href":"https:\/\/moselpension.de\/nl\/wp-json\/wp\/v2\/users\/2"}],"replies":[{"embeddable":true,"href":"https:\/\/moselpension.de\/nl\/wp-json\/wp\/v2\/comments?post=2834"}],"version-history":[{"count":83,"href":"https:\/\/moselpension.de\/nl\/wp-json\/wp\/v2\/pages\/2834\/revisions"}],"predecessor-version":[{"id":7033,"href":"https:\/\/moselpension.de\/nl\/wp-json\/wp\/v2\/pages\/2834\/revisions\/7033"}],"wp:attachment":[{"href":"https:\/\/moselpension.de\/nl\/wp-json\/wp\/v2\/media?parent=2834"}],"curies":[{"name":"wp","href":"https:\/\/api.w.org\/{rel}","templated":true}]}}